{"id":3272,"date":"2023-06-23T10:46:34","date_gmt":"2023-06-23T10:46:34","guid":{"rendered":"https:\/\/www.dapper-store.com\/izdelek\/butul-vision-malvasia-2020\/"},"modified":"2023-09-25T10:36:02","modified_gmt":"2023-09-25T10:36:02","slug":"butul-vizija-malvazija-2020","status":"publish","type":"product","link":"https:\/\/www.dapper-store.com\/en\/izdelek\/butul-vizija-malvazija-2020\/","title":{"rendered":"Butul, Vizija, Malvazija, 2020"},"content":{"rendered":"<p><a href=\"https:\/\/butul.net\">Butul<\/a> Vizija 2020 is an elegantly macerated malvazija, straw yellow in colour. On the nose, we mainly taste very ripe pear, dried apple compote and delicate Mediterranean herbs. The texture is gently buttery, tannins barely perceptible. Ripe yellow apple, pear, white melon, ripe grapefruit. Freshness is ensured by pleasant acids and minerality. The aftertaste is medium long, juicy and slightly salty at the end.<\/p>\n<h5>Butul estate<\/h5>\n<p style=\"font-weight: 400;\">Butul estate is located in the village of Man\u017ean, where the vineyard of the Malvazija overlooks the bay of Koper and the Julian Alps. Tatjana has lived in Man\u017ean since birth, while Mitja moved from Se\u017eana to the Slovenian coast 40 years ago. In Man\u017ean, Tatjana and Mitja built an open house among the Malvazija vineyards, which was also tended by Tatjana&#8217;s grandfather.<\/p>\n<p style=\"font-weight: 400;\">For almost three decades, they have been building a wonderful story here, one could say of international proportions. Their son \u010crt is, as his father says, the fifth generation to carry on the tradition of viticulture and winemaking on this small but diverse estate. \u010crt is better known to the Slovenian and wider public as an innovative chef who was trained in many excellent gastronomic institutions in Slovenia and abroad. Nono Renato (Tatiana&#8217;s father), despite his enviable age, is still an inexhaustible source of useful information and experience in vineyards and winery work.<\/p>\n<p>&nbsp;<\/p>\n<h5>Vineyards<\/h5>\n<p style=\"font-weight: 400;\">The farm currently has between four and five hectares of land, of which one and a half hectares are vineyards. The vines are between 30 and 50 years old with new plots being planted. The main varieties are, of course, Malvazija and Refo\u0161k (Refosko). They also work with old varieties such as Malo\u010drn, Kanarjola, Istrian Muscat, Cipro and even Glera. They build on the family&#8217;s traditional knowledge and experience by networking and cooperating with winemakers of similar philosophy in Slovenia and abroad.<\/p>\n<p>&nbsp;<\/p>\n<h5>Vinification<\/h5>\n<p>Fermentations take place spontaneously. White and red varieties macerate for different lengths of time. After maturing in used barrels of various sizes, the wine is transferred to inox tanks and then bottled with a minimum addition of sulphites.<\/p>\n","protected":false},"excerpt":{"rendered":"<p class=\"\"><span style=\"color: #000000;\">The colour is deep red-purple. On the nose we get a mix of blueberries, blackberries, prunes, black pepper, liquorice. The smell suggests that this is a serious example of refosco. On the palate, the wine is quite viscous, buttery. There are pleasant tannins and relatively high acidity and the fruit palette mentioned earlier. There is some spiciness. The aftertaste is full, complex and very long, as befits a wine of this type. <\/span><\/p>\n","protected":false},"featured_media":2907,"comment_status":"open","ping_status":"closed","template":"","meta":[],"product_cat":[637,500,517,499,546,504,502,505],"product_tag":[642,644,868,616,856],"class_list":["post-3272","product","type-product","status-publish","has-post-thumbnail","hentry","product_cat-butul-en","product_cat-country","product_cat-malvasia","product_cat-natural-wines","product_cat-slovenia","product_cat-white-macerated-orange","product_cat-wine-colour","product_cat-winegrower","product_tag-butul-en","product_tag-homestead-butul","product_tag-malvazija-en","product_tag-slovenian-istria","product_tag-vision"],"acf":[],"yoast_head":"<!-- This site is optimized with the Yoast SEO Premium plugin v21.0 (Yoast SEO v21.0) - https:\/\/yoast.com\/wordpress\/plugins\/seo\/ -->\n<title>butul vizija malvazija 2020<\/title>\n<meta name=\"description\" content=\"Butul Vizija 2020 is an elegantly macerated malvazija, an intense straw yellow colour. Fruity, mineral, with a beautiful freshness and elegance.\" \/>\n<meta name=\"robots\" content=\"index, follow, max-snippet:-1, max-image-preview:large, max-video-preview:-1\" \/>\n<link rel=\"canonical\" href=\"https:\/\/www.dapper-store.com\/en\/izdelek\/butul-vizija-malvazija-2020\/\" \/>\n<meta property=\"og:locale\" content=\"en_US\" \/>\n<meta property=\"og:type\" content=\"article\" \/>\n<meta property=\"og:title\" content=\"Butul, Vizija, Malvazija, 2020\" \/>\n<meta property=\"og:description\" content=\"Butul Vizija 2020 is an elegantly macerated malvazija, an intense straw yellow colour. Fruity, mineral, with a beautiful freshness and elegance.\" \/>\n<meta property=\"og:url\" content=\"https:\/\/www.dapper-store.com\/en\/izdelek\/butul-vizija-malvazija-2020\/\" \/>\n<meta property=\"og:site_name\" content=\"Dapper store\" \/>\n<meta property=\"article:publisher\" content=\"https:\/\/www.facebook.com\/dapperattitude\" \/>\n<meta property=\"article:modified_time\" content=\"2023-09-25T10:36:02+00:00\" \/>\n<meta property=\"og:image\" content=\"https:\/\/www.dapper-store.com\/wp-content\/uploads\/2023\/06\/butul_vizija_2020_malvazija.jpg\" \/>\n\t<meta property=\"og:image:width\" content=\"1500\" \/>\n\t<meta property=\"og:image:height\" content=\"1500\" \/>\n\t<meta property=\"og:image:type\" content=\"image\/jpeg\" \/>\n<meta name=\"twitter:card\" content=\"summary_large_image\" \/>\n<meta name=\"twitter:label1\" content=\"Est. reading time\" \/>\n\t<meta name=\"twitter:data1\" content=\"2 minutes\" \/>\n<script type=\"application\/ld+json\" class=\"yoast-schema-graph\">{\"@context\":\"https:\/\/schema.org\",\"@graph\":[{\"@type\":\"WebPage\",\"@id\":\"https:\/\/www.dapper-store.com\/en\/izdelek\/butul-vizija-malvazija-2020\/\",\"url\":\"https:\/\/www.dapper-store.com\/en\/izdelek\/butul-vizija-malvazija-2020\/\",\"name\":\"butul vizija malvazija 2020\",\"isPartOf\":{\"@id\":\"https:\/\/www.dapper-store.com\/en\/#website\"},\"datePublished\":\"2023-06-23T10:46:34+00:00\",\"dateModified\":\"2023-09-25T10:36:02+00:00\",\"description\":\"Butul Vizija 2020 is an elegantly macerated malvazija, an intense straw yellow colour. Fruity, mineral, with a beautiful freshness and elegance.\",\"breadcrumb\":{\"@id\":\"https:\/\/www.dapper-store.com\/en\/izdelek\/butul-vizija-malvazija-2020\/#breadcrumb\"},\"inLanguage\":\"en-US\",\"potentialAction\":[{\"@type\":\"ReadAction\",\"target\":[\"https:\/\/www.dapper-store.com\/en\/izdelek\/butul-vizija-malvazija-2020\/\"]}]},{\"@type\":\"BreadcrumbList\",\"@id\":\"https:\/\/www.dapper-store.com\/en\/izdelek\/butul-vizija-malvazija-2020\/#breadcrumb\",\"itemListElement\":[{\"@type\":\"ListItem\",\"position\":1,\"name\":\"Home\",\"item\":\"https:\/\/www.dapper-store.com\/en\/home\/\"},{\"@type\":\"ListItem\",\"position\":2,\"name\":\"Products\",\"item\":\"https:\/\/www.dapper-store.com\/en\/shop\/\"},{\"@type\":\"ListItem\",\"position\":3,\"name\":\"Butul, Vizija, Malvazija, 2020\"}]},{\"@type\":\"WebSite\",\"@id\":\"https:\/\/www.dapper-store.com\/en\/#website\",\"url\":\"https:\/\/www.dapper-store.com\/en\/\",\"name\":\"Dapper store\",\"description\":\"Trgovina za vse ljubitelje izdelkov vrhunske kakovosti.\",\"publisher\":{\"@id\":\"https:\/\/www.dapper-store.com\/en\/#organization\"},\"potentialAction\":[{\"@type\":\"SearchAction\",\"target\":{\"@type\":\"EntryPoint\",\"urlTemplate\":\"https:\/\/www.dapper-store.com\/en\/?s={search_term_string}\"},\"query-input\":\"required name=search_term_string\"}],\"inLanguage\":\"en-US\"},{\"@type\":\"Organization\",\"@id\":\"https:\/\/www.dapper-store.com\/en\/#organization\",\"name\":\"Dapper d.o.o.\",\"url\":\"https:\/\/www.dapper-store.com\/en\/\",\"logo\":{\"@type\":\"ImageObject\",\"inLanguage\":\"en-US\",\"@id\":\"https:\/\/www.dapper-store.com\/en\/#\/schema\/logo\/image\/\",\"url\":\"https:\/\/www.dapper-store.com\/wp-content\/uploads\/2022\/11\/DAPPER..png\",\"contentUrl\":\"https:\/\/www.dapper-store.com\/wp-content\/uploads\/2022\/11\/DAPPER..png\",\"width\":1500,\"height\":450,\"caption\":\"Dapper d.o.o.\"},\"image\":{\"@id\":\"https:\/\/www.dapper-store.com\/en\/#\/schema\/logo\/image\/\"},\"sameAs\":[\"https:\/\/www.facebook.com\/dapperattitude\",\"https:\/\/www.instagram.com\/dapper_ljubljana\/\"]}]}<\/script>\n<!-- \/ Yoast SEO Premium plugin. -->","yoast_head_json":{"title":"butul vizija malvazija 2020","description":"Butul Vizija 2020 is an elegantly macerated malvazija, an intense straw yellow colour. Fruity, mineral, with a beautiful freshness and elegance.","robots":{"index":"index","follow":"follow","max-snippet":"max-snippet:-1","max-image-preview":"max-image-preview:large","max-video-preview":"max-video-preview:-1"},"canonical":"https:\/\/www.dapper-store.com\/en\/izdelek\/butul-vizija-malvazija-2020\/","og_locale":"en_US","og_type":"article","og_title":"Butul, Vizija, Malvazija, 2020","og_description":"Butul Vizija 2020 is an elegantly macerated malvazija, an intense straw yellow colour. Fruity, mineral, with a beautiful freshness and elegance.","og_url":"https:\/\/www.dapper-store.com\/en\/izdelek\/butul-vizija-malvazija-2020\/","og_site_name":"Dapper store","article_publisher":"https:\/\/www.facebook.com\/dapperattitude","article_modified_time":"2023-09-25T10:36:02+00:00","og_image":[{"width":1500,"height":1500,"url":"https:\/\/www.dapper-store.com\/wp-content\/uploads\/2023\/06\/butul_vizija_2020_malvazija.jpg","type":"image\/jpeg"}],"twitter_card":"summary_large_image","twitter_misc":{"Est. reading time":"2 minutes"},"schema":{"@context":"https:\/\/schema.org","@graph":[{"@type":"WebPage","@id":"https:\/\/www.dapper-store.com\/en\/izdelek\/butul-vizija-malvazija-2020\/","url":"https:\/\/www.dapper-store.com\/en\/izdelek\/butul-vizija-malvazija-2020\/","name":"butul vizija malvazija 2020","isPartOf":{"@id":"https:\/\/www.dapper-store.com\/en\/#website"},"datePublished":"2023-06-23T10:46:34+00:00","dateModified":"2023-09-25T10:36:02+00:00","description":"Butul Vizija 2020 is an elegantly macerated malvazija, an intense straw yellow colour. Fruity, mineral, with a beautiful freshness and elegance.","breadcrumb":{"@id":"https:\/\/www.dapper-store.com\/en\/izdelek\/butul-vizija-malvazija-2020\/#breadcrumb"},"inLanguage":"en-US","potentialAction":[{"@type":"ReadAction","target":["https:\/\/www.dapper-store.com\/en\/izdelek\/butul-vizija-malvazija-2020\/"]}]},{"@type":"BreadcrumbList","@id":"https:\/\/www.dapper-store.com\/en\/izdelek\/butul-vizija-malvazija-2020\/#breadcrumb","itemListElement":[{"@type":"ListItem","position":1,"name":"Home","item":"https:\/\/www.dapper-store.com\/en\/home\/"},{"@type":"ListItem","position":2,"name":"Products","item":"https:\/\/www.dapper-store.com\/en\/shop\/"},{"@type":"ListItem","position":3,"name":"Butul, Vizija, Malvazija, 2020"}]},{"@type":"WebSite","@id":"https:\/\/www.dapper-store.com\/en\/#website","url":"https:\/\/www.dapper-store.com\/en\/","name":"Dapper store","description":"Trgovina za vse ljubitelje izdelkov vrhunske kakovosti.","publisher":{"@id":"https:\/\/www.dapper-store.com\/en\/#organization"},"potentialAction":[{"@type":"SearchAction","target":{"@type":"EntryPoint","urlTemplate":"https:\/\/www.dapper-store.com\/en\/?s={search_term_string}"},"query-input":"required name=search_term_string"}],"inLanguage":"en-US"},{"@type":"Organization","@id":"https:\/\/www.dapper-store.com\/en\/#organization","name":"Dapper d.o.o.","url":"https:\/\/www.dapper-store.com\/en\/","logo":{"@type":"ImageObject","inLanguage":"en-US","@id":"https:\/\/www.dapper-store.com\/en\/#\/schema\/logo\/image\/","url":"https:\/\/www.dapper-store.com\/wp-content\/uploads\/2022\/11\/DAPPER..png","contentUrl":"https:\/\/www.dapper-store.com\/wp-content\/uploads\/2022\/11\/DAPPER..png","width":1500,"height":450,"caption":"Dapper d.o.o."},"image":{"@id":"https:\/\/www.dapper-store.com\/en\/#\/schema\/logo\/image\/"},"sameAs":["https:\/\/www.facebook.com\/dapperattitude","https:\/\/www.instagram.com\/dapper_ljubljana\/"]}]}},"_links":{"self":[{"href":"https:\/\/www.dapper-store.com\/en\/wp-json\/wp\/v2\/product\/3272","targetHints":{"allow":["GET"]}}],"collection":[{"href":"https:\/\/www.dapper-store.com\/en\/wp-json\/wp\/v2\/product"}],"about":[{"href":"https:\/\/www.dapper-store.com\/en\/wp-json\/wp\/v2\/types\/product"}],"replies":[{"embeddable":true,"href":"https:\/\/www.dapper-store.com\/en\/wp-json\/wp\/v2\/comments?post=3272"}],"wp:featuredmedia":[{"embeddable":true,"href":"https:\/\/www.dapper-store.com\/en\/wp-json\/wp\/v2\/media\/2907"}],"wp:attachment":[{"href":"https:\/\/www.dapper-store.com\/en\/wp-json\/wp\/v2\/media?parent=3272"}],"wp:term":[{"taxonomy":"product_cat","embeddable":true,"href":"https:\/\/www.dapper-store.com\/en\/wp-json\/wp\/v2\/product_cat?post=3272"},{"taxonomy":"product_tag","embeddable":true,"href":"https:\/\/www.dapper-store.com\/en\/wp-json\/wp\/v2\/product_tag?post=3272"}],"curies":[{"name":"wp","href":"https:\/\/api.w.org\/{rel}","templated":true}]}}