{"id":3262,"date":"2023-03-09T18:08:17","date_gmt":"2023-03-09T18:08:17","guid":{"rendered":"https:\/\/www.dapper-store.com\/izdelek\/texier-chateauneuf-du-pape-2020-magnum\/"},"modified":"2023-09-27T08:02:06","modified_gmt":"2023-09-27T08:02:06","slug":"texier-chateauneuf-du-pape-2020-magnum","status":"publish","type":"product","link":"https:\/\/www.dapper-store.com\/en\/izdelek\/texier-chateauneuf-du-pape-2020-magnum\/","title":{"rendered":"Texier, Ch\u00e2teauneuf-du-Pape, 2020 magnum"},"content":{"rendered":"<p><a href=\"https:\/\/www.eric-texier.com\/le-domaine\">Texier<\/a>, Ch\u00e2teauneuf-du-Pape, 2020 is, unlike most wines of this famous appellation, a varietal wine &#8211; grenache. It comes from vineyards that are over 80 years old and located on the northern slopes of the La Crau area, which is considered one of the best vineyards. The wine is deep red in colour while nose is overwhelmed with violets, redcurrant, crushed raspberries and plum compote, with Proven\u00e7al herbs on the finish. In the mouth, we immediately feel a full, large body. The fruitiness of the red and black berries is balanced by lively acids, minerality and a gentle earthiness. Wine is full of energy, which is also felt on the incredible aftertaste.<\/p>\n<p>Vinification takes place in open concrete vats. Full bunch, slightly crushed grapes ferment spontaneously and macerate for 8-10 days. The wine is then aged for 18 months in used barrels for 1-3 years. Wine is bottled without filtration and fining. Sulfites are added in trace quantities only when the vintage is more demanding, otherwise not.<\/p>\n<p>The elegance of the wine is incredible. Imagine if you made a great Burgundy from Grenache. We recommend decanting.<\/p>\n<p>&nbsp;<\/p>\n<h5>His path<\/h5>\n<p>Eric Texier traded in his career as a nuclear physics engineer for a career as a viticulturist &#8211; winemaker &#8211; more than two decades ago. Today, he cultivates around 12 hectares of vineyards in two locations in the northern Rh\u00f4ne: Br\u00e9z\u00e8me, with a predominantly limestone soil structure on the left, and Ard\u00e8che, on the right bank of the Rh\u00f4ne, with a subsoil of granite, flints and gneiss, which are historically important appellations in the region, but have always been somewhat neglected due to their small size.<\/p>\n<h5><\/h5>\n<h5>Working in vineyards and wineries<\/h5>\n<p>All work in vineyards is aimed at preserving biodiversity and thus maintaining balance. The varieties produced are syrah, serine, grenache, cinsault, roussanne and clairette. In addition to wines from his own vineyards, Eric also produces red and white Ch\u00e2teauneuf-du-Pape each year, buying grapes from his winemaker friend of a similar philosophy. The minimalist approach continues in the cellar.<\/p>\n<p>Red grapes are not, or only partially, de-stemmed. Macerations are relatively short and rarely exceed 8 days. Fermentations are spontaneous and take place in open concrete or wooden vats. The wines are mostly aged (6-48 months) in concrete tanks, with some in large used barrels. There is no filtration and fining before bottling, and a modest addition of sulphur is possible but not essential. Texier wines are undoubtedly one of those that reflect the varieties and micro-locations of the vineyards much more than the influence of the winemaker.<\/p>\n","protected":false},"excerpt":{"rendered":"<p class=\"\">Philippe Viret farms using a method that is biodynamic in principle, but which he calls &#8220;Cosmoculture&#8221;. No sulphur is added to the wines. Aromas of dark fruit, ripe plum, minerality, slightly spicy, which is even more evident on the palate, where blackberry joins in. Tannins are expressed and acids are consistent. A full, warm body. A ripe red apple with a nice long aftertaste. Exceptional freshness, despite the high alcohol. A great price for Valico amphora wine!<\/p>\n","protected":false},"featured_media":2856,"comment_status":"open","ping_status":"closed","template":"","meta":[],"product_cat":[500,779,544,677,499,531,681,573,505],"product_tag":[848,688,686,782],"class_list":["post-3262","product","type-product","status-publish","has-post-thumbnail","hentry","product_cat-country","product_cat-eric-texier-en","product_cat-france","product_cat-grenache-en","product_cat-natural-wines","product_cat-red","product_cat-southern-rhone","product_cat-variety","product_cat-winegrower","product_tag-chateauneuf-du-pape-en","product_tag-grenache-en","product_tag-southern-rhone","product_tag-texier-en"],"acf":[],"yoast_head":"<!-- This site is optimized with the Yoast SEO Premium plugin v21.0 (Yoast SEO v21.0) - https:\/\/yoast.com\/wordpress\/plugins\/seo\/ -->\n<title>Texier Ch\u00e2teauneuf-du-Pape grenache<\/title>\n<meta name=\"description\" content=\"Texier Ch\u00e2teauneuf-du-Pape is a 100% Grenache of incredible elegance, body, minerality, fruitiness and freshness. &#039;Burgundy&#039; made from the Grenache variety.\" \/>\n<meta name=\"robots\" content=\"index, follow, max-snippet:-1, max-image-preview:large, max-video-preview:-1\" \/>\n<link rel=\"canonical\" href=\"https:\/\/www.dapper-store.com\/en\/izdelek\/texier-chateauneuf-du-pape-2020-magnum\/\" \/>\n<meta property=\"og:locale\" content=\"en_US\" \/>\n<meta property=\"og:type\" content=\"article\" \/>\n<meta property=\"og:title\" content=\"Texier, Ch\u00e2teauneuf-du-Pape, 2020 magnum\" \/>\n<meta property=\"og:description\" content=\"Texier Ch\u00e2teauneuf-du-Pape is a 100% Grenache of incredible elegance, body, minerality, fruitiness and freshness. &#039;Burgundy&#039; made from the Grenache variety.\" \/>\n<meta property=\"og:url\" content=\"https:\/\/www.dapper-store.com\/en\/izdelek\/texier-chateauneuf-du-pape-2020-magnum\/\" \/>\n<meta property=\"og:site_name\" content=\"Dapper store\" \/>\n<meta property=\"article:publisher\" content=\"https:\/\/www.facebook.com\/dapperattitude\" \/>\n<meta property=\"article:modified_time\" content=\"2023-09-27T08:02:06+00:00\" \/>\n<meta property=\"og:image\" content=\"https:\/\/www.dapper-store.com\/wp-content\/uploads\/2023\/03\/texier_chateauneuf_du_pape_rouge.jpg\" \/>\n\t<meta property=\"og:image:width\" content=\"960\" \/>\n\t<meta property=\"og:image:height\" content=\"960\" \/>\n\t<meta property=\"og:image:type\" content=\"image\/jpeg\" \/>\n<meta name=\"twitter:card\" content=\"summary_large_image\" \/>\n<meta name=\"twitter:label1\" content=\"Est. reading time\" \/>\n\t<meta name=\"twitter:data1\" content=\"3 minutes\" \/>\n<script type=\"application\/ld+json\" class=\"yoast-schema-graph\">{\"@context\":\"https:\/\/schema.org\",\"@graph\":[{\"@type\":\"WebPage\",\"@id\":\"https:\/\/www.dapper-store.com\/en\/izdelek\/texier-chateauneuf-du-pape-2020-magnum\/\",\"url\":\"https:\/\/www.dapper-store.com\/en\/izdelek\/texier-chateauneuf-du-pape-2020-magnum\/\",\"name\":\"Texier Ch\u00e2teauneuf-du-Pape grenache\",\"isPartOf\":{\"@id\":\"https:\/\/www.dapper-store.com\/en\/#website\"},\"datePublished\":\"2023-03-09T18:08:17+00:00\",\"dateModified\":\"2023-09-27T08:02:06+00:00\",\"description\":\"Texier Ch\u00e2teauneuf-du-Pape is a 100% Grenache of incredible elegance, body, minerality, fruitiness and freshness. 'Burgundy' made from the Grenache variety.\",\"breadcrumb\":{\"@id\":\"https:\/\/www.dapper-store.com\/en\/izdelek\/texier-chateauneuf-du-pape-2020-magnum\/#breadcrumb\"},\"inLanguage\":\"en-US\",\"potentialAction\":[{\"@type\":\"ReadAction\",\"target\":[\"https:\/\/www.dapper-store.com\/en\/izdelek\/texier-chateauneuf-du-pape-2020-magnum\/\"]}]},{\"@type\":\"BreadcrumbList\",\"@id\":\"https:\/\/www.dapper-store.com\/en\/izdelek\/texier-chateauneuf-du-pape-2020-magnum\/#breadcrumb\",\"itemListElement\":[{\"@type\":\"ListItem\",\"position\":1,\"name\":\"Home\",\"item\":\"https:\/\/www.dapper-store.com\/en\/home\/\"},{\"@type\":\"ListItem\",\"position\":2,\"name\":\"Products\",\"item\":\"https:\/\/www.dapper-store.com\/en\/shop\/\"},{\"@type\":\"ListItem\",\"position\":3,\"name\":\"Texier, Ch\u00e2teauneuf-du-Pape, 2020 magnum\"}]},{\"@type\":\"WebSite\",\"@id\":\"https:\/\/www.dapper-store.com\/en\/#website\",\"url\":\"https:\/\/www.dapper-store.com\/en\/\",\"name\":\"Dapper store\",\"description\":\"Trgovina za vse ljubitelje izdelkov vrhunske kakovosti.\",\"publisher\":{\"@id\":\"https:\/\/www.dapper-store.com\/en\/#organization\"},\"potentialAction\":[{\"@type\":\"SearchAction\",\"target\":{\"@type\":\"EntryPoint\",\"urlTemplate\":\"https:\/\/www.dapper-store.com\/en\/?s={search_term_string}\"},\"query-input\":\"required name=search_term_string\"}],\"inLanguage\":\"en-US\"},{\"@type\":\"Organization\",\"@id\":\"https:\/\/www.dapper-store.com\/en\/#organization\",\"name\":\"Dapper d.o.o.\",\"url\":\"https:\/\/www.dapper-store.com\/en\/\",\"logo\":{\"@type\":\"ImageObject\",\"inLanguage\":\"en-US\",\"@id\":\"https:\/\/www.dapper-store.com\/en\/#\/schema\/logo\/image\/\",\"url\":\"https:\/\/www.dapper-store.com\/wp-content\/uploads\/2022\/11\/DAPPER..png\",\"contentUrl\":\"https:\/\/www.dapper-store.com\/wp-content\/uploads\/2022\/11\/DAPPER..png\",\"width\":1500,\"height\":450,\"caption\":\"Dapper d.o.o.\"},\"image\":{\"@id\":\"https:\/\/www.dapper-store.com\/en\/#\/schema\/logo\/image\/\"},\"sameAs\":[\"https:\/\/www.facebook.com\/dapperattitude\",\"https:\/\/www.instagram.com\/dapper_ljubljana\/\"]}]}<\/script>\n<!-- \/ Yoast SEO Premium plugin. -->","yoast_head_json":{"title":"Texier Ch\u00e2teauneuf-du-Pape grenache","description":"Texier Ch\u00e2teauneuf-du-Pape is a 100% Grenache of incredible elegance, body, minerality, fruitiness and freshness. 'Burgundy' made from the Grenache variety.","robots":{"index":"index","follow":"follow","max-snippet":"max-snippet:-1","max-image-preview":"max-image-preview:large","max-video-preview":"max-video-preview:-1"},"canonical":"https:\/\/www.dapper-store.com\/en\/izdelek\/texier-chateauneuf-du-pape-2020-magnum\/","og_locale":"en_US","og_type":"article","og_title":"Texier, Ch\u00e2teauneuf-du-Pape, 2020 magnum","og_description":"Texier Ch\u00e2teauneuf-du-Pape is a 100% Grenache of incredible elegance, body, minerality, fruitiness and freshness. 'Burgundy' made from the Grenache variety.","og_url":"https:\/\/www.dapper-store.com\/en\/izdelek\/texier-chateauneuf-du-pape-2020-magnum\/","og_site_name":"Dapper store","article_publisher":"https:\/\/www.facebook.com\/dapperattitude","article_modified_time":"2023-09-27T08:02:06+00:00","og_image":[{"width":960,"height":960,"url":"https:\/\/www.dapper-store.com\/wp-content\/uploads\/2023\/03\/texier_chateauneuf_du_pape_rouge.jpg","type":"image\/jpeg"}],"twitter_card":"summary_large_image","twitter_misc":{"Est. reading time":"3 minutes"},"schema":{"@context":"https:\/\/schema.org","@graph":[{"@type":"WebPage","@id":"https:\/\/www.dapper-store.com\/en\/izdelek\/texier-chateauneuf-du-pape-2020-magnum\/","url":"https:\/\/www.dapper-store.com\/en\/izdelek\/texier-chateauneuf-du-pape-2020-magnum\/","name":"Texier Ch\u00e2teauneuf-du-Pape grenache","isPartOf":{"@id":"https:\/\/www.dapper-store.com\/en\/#website"},"datePublished":"2023-03-09T18:08:17+00:00","dateModified":"2023-09-27T08:02:06+00:00","description":"Texier Ch\u00e2teauneuf-du-Pape is a 100% Grenache of incredible elegance, body, minerality, fruitiness and freshness. 'Burgundy' made from the Grenache variety.","breadcrumb":{"@id":"https:\/\/www.dapper-store.com\/en\/izdelek\/texier-chateauneuf-du-pape-2020-magnum\/#breadcrumb"},"inLanguage":"en-US","potentialAction":[{"@type":"ReadAction","target":["https:\/\/www.dapper-store.com\/en\/izdelek\/texier-chateauneuf-du-pape-2020-magnum\/"]}]},{"@type":"BreadcrumbList","@id":"https:\/\/www.dapper-store.com\/en\/izdelek\/texier-chateauneuf-du-pape-2020-magnum\/#breadcrumb","itemListElement":[{"@type":"ListItem","position":1,"name":"Home","item":"https:\/\/www.dapper-store.com\/en\/home\/"},{"@type":"ListItem","position":2,"name":"Products","item":"https:\/\/www.dapper-store.com\/en\/shop\/"},{"@type":"ListItem","position":3,"name":"Texier, Ch\u00e2teauneuf-du-Pape, 2020 magnum"}]},{"@type":"WebSite","@id":"https:\/\/www.dapper-store.com\/en\/#website","url":"https:\/\/www.dapper-store.com\/en\/","name":"Dapper store","description":"Trgovina za vse ljubitelje izdelkov vrhunske kakovosti.","publisher":{"@id":"https:\/\/www.dapper-store.com\/en\/#organization"},"potentialAction":[{"@type":"SearchAction","target":{"@type":"EntryPoint","urlTemplate":"https:\/\/www.dapper-store.com\/en\/?s={search_term_string}"},"query-input":"required name=search_term_string"}],"inLanguage":"en-US"},{"@type":"Organization","@id":"https:\/\/www.dapper-store.com\/en\/#organization","name":"Dapper d.o.o.","url":"https:\/\/www.dapper-store.com\/en\/","logo":{"@type":"ImageObject","inLanguage":"en-US","@id":"https:\/\/www.dapper-store.com\/en\/#\/schema\/logo\/image\/","url":"https:\/\/www.dapper-store.com\/wp-content\/uploads\/2022\/11\/DAPPER..png","contentUrl":"https:\/\/www.dapper-store.com\/wp-content\/uploads\/2022\/11\/DAPPER..png","width":1500,"height":450,"caption":"Dapper d.o.o."},"image":{"@id":"https:\/\/www.dapper-store.com\/en\/#\/schema\/logo\/image\/"},"sameAs":["https:\/\/www.facebook.com\/dapperattitude","https:\/\/www.instagram.com\/dapper_ljubljana\/"]}]}},"_links":{"self":[{"href":"https:\/\/www.dapper-store.com\/en\/wp-json\/wp\/v2\/product\/3262","targetHints":{"allow":["GET"]}}],"collection":[{"href":"https:\/\/www.dapper-store.com\/en\/wp-json\/wp\/v2\/product"}],"about":[{"href":"https:\/\/www.dapper-store.com\/en\/wp-json\/wp\/v2\/types\/product"}],"replies":[{"embeddable":true,"href":"https:\/\/www.dapper-store.com\/en\/wp-json\/wp\/v2\/comments?post=3262"}],"wp:featuredmedia":[{"embeddable":true,"href":"https:\/\/www.dapper-store.com\/en\/wp-json\/wp\/v2\/media\/2856"}],"wp:attachment":[{"href":"https:\/\/www.dapper-store.com\/en\/wp-json\/wp\/v2\/media?parent=3262"}],"wp:term":[{"taxonomy":"product_cat","embeddable":true,"href":"https:\/\/www.dapper-store.com\/en\/wp-json\/wp\/v2\/product_cat?post=3262"},{"taxonomy":"product_tag","embeddable":true,"href":"https:\/\/www.dapper-store.com\/en\/wp-json\/wp\/v2\/product_tag?post=3262"}],"curies":[{"name":"wp","href":"https:\/\/api.w.org\/{rel}","templated":true}]}}