{"id":3246,"date":"2023-05-03T06:42:28","date_gmt":"2023-05-03T06:42:28","guid":{"rendered":"https:\/\/www.dapper-store.com\/izdelek\/klabjan-caotze-2016\/"},"modified":"2023-09-26T07:27:08","modified_gmt":"2023-09-26T07:27:08","slug":"klabjan-caotze-merlot-refosk","status":"publish","type":"product","link":"https:\/\/www.dapper-store.com\/en\/izdelek\/klabjan-caotze-merlot-refosk\/","title":{"rendered":"Klabjan, Caotze, 2016"},"content":{"rendered":"<p class=\"\"><span style=\"color: #000000;\"><a href=\"https:\/\/www.ovinu.si\/582\/Pri-ekologih-in-biodinamikih-Uros-Klabjan\">Caotze Klabjan<\/a> (black label) is currently one of the best Slovenian red wines, consisting of merlot and refo\u0161k.<\/span><\/p>\n<p style=\"font-weight: 400;\">The colour is ruby red, while the nose is a blend of red and black berries, herbs, black pepper, cloves&#8230; Tannins are soft, almost velvety, acids pleasantly high. Wild strawberry and blueberry, blackberry, blackcurrant predominate. The wine is pleasantly spicy, with tertiary aromas &#8211; dark chocolate, tobacco. The aftertaste is incredibly juicy and long. \u00a0A great red wine that has many years, maybe even decades, ahead of it.<\/p>\n<h5>Klabjan Estate<\/h5>\n<p style=\"font-weight: 400;\">Uro\u0161 Klabjan works 10 hectares of vineyards, ranging in age from twenty to one hundred and thirty years, under the Karst edge near village of Osp, with the help of his brother and father. Malvasia is, of course, the predominant wine, but around 20% is the red king of Istria &#8211; Refo\u0161k. The soil is calcareous, with areas of marl. Some vineyards are completely grassed over, while others are cut around the vines. The form of cultivation is in principle a single guyot, except in some older vineyards, where the form is actually difficult to name, one could say archaic.<\/p>\n<p style=\"font-weight: 400;\">Uro\u0161 is certified organic and the vineyards are based on practices that are actually quite close to biodynamics. Over the years, through systematic and hard work, and a wealth of experience in pruning methods, the vineyards have achieved a balance that has led, among other things, to a natural regulation of the yield of each vine. So there are no green harvests. Harvesting does not start until full phenolic ripeness, which usually means a slightly higher sugar and consequently alcohol level, which is not disturbing as it is nicely balanced by the acids and salty minerality.<\/p>\n<p style=\"font-weight: 400;\">You will find two labels on the bottles of the precious drops of Klabjan. The white labels are produced from vineyards aged between 20 and 50 years and are generally vinified and aged for at least one year in stainless steel (inox) containers. Only sometimes, they spend a few months in a large oak barrel before bottling. The black label designates wines based on top-quality grapes from vineyards aged 50 years or more. Depending on the vintage, they mature for two to five years in old barriques and large casks. In vintages when it does not reach the desired quality, even the old vineyard harvest goes into bottles with a white label. Both fermentations are spontaneous.<\/p>\n","protected":false},"excerpt":{"rendered":"<p class=\"\"><span style=\"color: #000000;\">The colour is an intense golden yellow, with ripe apricot, orange peel and meadow flowers on the nose. On the palate, we taste juicy &#8216;karst&#8217; acids and plenty of minerality. A yellow apple, a ripe pear and a vineyard white peach. The tannins are present, but elegant and rounded. The aftertaste is pleasantly fruity, with a hint of light aromas of ripe fruit. Malvasia, which is still many years away, but is already excellent.<\/span><\/p>\n","protected":false},"featured_media":2887,"comment_status":"open","ping_status":"closed","template":"","meta":[],"product_cat":[500,574,499,531,611,546,797,502,505],"product_tag":[835,808,802,575,617],"class_list":["post-3246","product","type-product","status-publish","has-post-thumbnail","hentry","product_cat-country","product_cat-merlot-en","product_cat-natural-wines","product_cat-red","product_cat-refosco","product_cat-slovenia","product_cat-uros-klabjan-en","product_cat-wine-colour","product_cat-winegrower","product_tag-caotze-en","product_tag-istra-en","product_tag-klabjan-en","product_tag-merlot-en","product_tag-refosk-en"],"acf":[],"yoast_head":"<!-- This site is optimized with the Yoast SEO Premium plugin v21.0 (Yoast SEO v21.0) - https:\/\/yoast.com\/wordpress\/plugins\/seo\/ -->\n<title>klabjan caotze merlot refo\u0161k<\/title>\n<meta name=\"description\" content=\"Klabjan Caotze is a truly great merlot - refo\u0161k blend which shows Uro\u0161&#039;s knowledge and experience in all its glory. Elegance and complexity go hand in hand.\" \/>\n<meta name=\"robots\" content=\"index, follow, max-snippet:-1, max-image-preview:large, max-video-preview:-1\" \/>\n<link rel=\"canonical\" href=\"https:\/\/www.dapper-store.com\/en\/izdelek\/klabjan-caotze-merlot-refosk\/\" \/>\n<meta property=\"og:locale\" content=\"en_US\" \/>\n<meta property=\"og:type\" content=\"article\" \/>\n<meta property=\"og:title\" content=\"Klabjan, Caotze, 2016\" \/>\n<meta property=\"og:description\" content=\"Klabjan Caotze is a truly great merlot - refo\u0161k blend which shows Uro\u0161&#039;s knowledge and experience in all its glory. Elegance and complexity go hand in hand.\" \/>\n<meta property=\"og:url\" content=\"https:\/\/www.dapper-store.com\/en\/izdelek\/klabjan-caotze-merlot-refosk\/\" \/>\n<meta property=\"og:site_name\" content=\"Dapper store\" \/>\n<meta property=\"article:publisher\" content=\"https:\/\/www.facebook.com\/dapperattitude\" \/>\n<meta property=\"article:modified_time\" content=\"2023-09-26T07:27:08+00:00\" \/>\n<meta property=\"og:image\" content=\"https:\/\/www.dapper-store.com\/wp-content\/uploads\/2023\/05\/klabjan_caotze_2016.jpg\" \/>\n\t<meta property=\"og:image:width\" content=\"1500\" \/>\n\t<meta property=\"og:image:height\" content=\"1500\" \/>\n\t<meta property=\"og:image:type\" content=\"image\/jpeg\" \/>\n<meta name=\"twitter:card\" content=\"summary_large_image\" \/>\n<meta name=\"twitter:label1\" content=\"Est. reading time\" \/>\n\t<meta name=\"twitter:data1\" content=\"3 minutes\" \/>\n<script type=\"application\/ld+json\" class=\"yoast-schema-graph\">{\"@context\":\"https:\/\/schema.org\",\"@graph\":[{\"@type\":\"WebPage\",\"@id\":\"https:\/\/www.dapper-store.com\/en\/izdelek\/klabjan-caotze-merlot-refosk\/\",\"url\":\"https:\/\/www.dapper-store.com\/en\/izdelek\/klabjan-caotze-merlot-refosk\/\",\"name\":\"klabjan caotze merlot refo\u0161k\",\"isPartOf\":{\"@id\":\"https:\/\/www.dapper-store.com\/en\/#website\"},\"datePublished\":\"2023-05-03T06:42:28+00:00\",\"dateModified\":\"2023-09-26T07:27:08+00:00\",\"description\":\"Klabjan Caotze is a truly great merlot - refo\u0161k blend which shows Uro\u0161's knowledge and experience in all its glory. Elegance and complexity go hand in hand.\",\"breadcrumb\":{\"@id\":\"https:\/\/www.dapper-store.com\/en\/izdelek\/klabjan-caotze-merlot-refosk\/#breadcrumb\"},\"inLanguage\":\"en-US\",\"potentialAction\":[{\"@type\":\"ReadAction\",\"target\":[\"https:\/\/www.dapper-store.com\/en\/izdelek\/klabjan-caotze-merlot-refosk\/\"]}]},{\"@type\":\"BreadcrumbList\",\"@id\":\"https:\/\/www.dapper-store.com\/en\/izdelek\/klabjan-caotze-merlot-refosk\/#breadcrumb\",\"itemListElement\":[{\"@type\":\"ListItem\",\"position\":1,\"name\":\"Home\",\"item\":\"https:\/\/www.dapper-store.com\/en\/home\/\"},{\"@type\":\"ListItem\",\"position\":2,\"name\":\"Products\",\"item\":\"https:\/\/www.dapper-store.com\/en\/shop\/\"},{\"@type\":\"ListItem\",\"position\":3,\"name\":\"Klabjan, Caotze, 2016\"}]},{\"@type\":\"WebSite\",\"@id\":\"https:\/\/www.dapper-store.com\/en\/#website\",\"url\":\"https:\/\/www.dapper-store.com\/en\/\",\"name\":\"Dapper store\",\"description\":\"Trgovina za vse ljubitelje izdelkov vrhunske kakovosti.\",\"publisher\":{\"@id\":\"https:\/\/www.dapper-store.com\/en\/#organization\"},\"potentialAction\":[{\"@type\":\"SearchAction\",\"target\":{\"@type\":\"EntryPoint\",\"urlTemplate\":\"https:\/\/www.dapper-store.com\/en\/?s={search_term_string}\"},\"query-input\":\"required name=search_term_string\"}],\"inLanguage\":\"en-US\"},{\"@type\":\"Organization\",\"@id\":\"https:\/\/www.dapper-store.com\/en\/#organization\",\"name\":\"Dapper d.o.o.\",\"url\":\"https:\/\/www.dapper-store.com\/en\/\",\"logo\":{\"@type\":\"ImageObject\",\"inLanguage\":\"en-US\",\"@id\":\"https:\/\/www.dapper-store.com\/en\/#\/schema\/logo\/image\/\",\"url\":\"https:\/\/www.dapper-store.com\/wp-content\/uploads\/2022\/11\/DAPPER..png\",\"contentUrl\":\"https:\/\/www.dapper-store.com\/wp-content\/uploads\/2022\/11\/DAPPER..png\",\"width\":1500,\"height\":450,\"caption\":\"Dapper d.o.o.\"},\"image\":{\"@id\":\"https:\/\/www.dapper-store.com\/en\/#\/schema\/logo\/image\/\"},\"sameAs\":[\"https:\/\/www.facebook.com\/dapperattitude\",\"https:\/\/www.instagram.com\/dapper_ljubljana\/\"]}]}<\/script>\n<!-- \/ Yoast SEO Premium plugin. -->","yoast_head_json":{"title":"klabjan caotze merlot refo\u0161k","description":"Klabjan Caotze is a truly great merlot - refo\u0161k blend which shows Uro\u0161's knowledge and experience in all its glory. Elegance and complexity go hand in hand.","robots":{"index":"index","follow":"follow","max-snippet":"max-snippet:-1","max-image-preview":"max-image-preview:large","max-video-preview":"max-video-preview:-1"},"canonical":"https:\/\/www.dapper-store.com\/en\/izdelek\/klabjan-caotze-merlot-refosk\/","og_locale":"en_US","og_type":"article","og_title":"Klabjan, Caotze, 2016","og_description":"Klabjan Caotze is a truly great merlot - refo\u0161k blend which shows Uro\u0161's knowledge and experience in all its glory. Elegance and complexity go hand in hand.","og_url":"https:\/\/www.dapper-store.com\/en\/izdelek\/klabjan-caotze-merlot-refosk\/","og_site_name":"Dapper store","article_publisher":"https:\/\/www.facebook.com\/dapperattitude","article_modified_time":"2023-09-26T07:27:08+00:00","og_image":[{"width":1500,"height":1500,"url":"https:\/\/www.dapper-store.com\/wp-content\/uploads\/2023\/05\/klabjan_caotze_2016.jpg","type":"image\/jpeg"}],"twitter_card":"summary_large_image","twitter_misc":{"Est. reading time":"3 minutes"},"schema":{"@context":"https:\/\/schema.org","@graph":[{"@type":"WebPage","@id":"https:\/\/www.dapper-store.com\/en\/izdelek\/klabjan-caotze-merlot-refosk\/","url":"https:\/\/www.dapper-store.com\/en\/izdelek\/klabjan-caotze-merlot-refosk\/","name":"klabjan caotze merlot refo\u0161k","isPartOf":{"@id":"https:\/\/www.dapper-store.com\/en\/#website"},"datePublished":"2023-05-03T06:42:28+00:00","dateModified":"2023-09-26T07:27:08+00:00","description":"Klabjan Caotze is a truly great merlot - refo\u0161k blend which shows Uro\u0161's knowledge and experience in all its glory. Elegance and complexity go hand in hand.","breadcrumb":{"@id":"https:\/\/www.dapper-store.com\/en\/izdelek\/klabjan-caotze-merlot-refosk\/#breadcrumb"},"inLanguage":"en-US","potentialAction":[{"@type":"ReadAction","target":["https:\/\/www.dapper-store.com\/en\/izdelek\/klabjan-caotze-merlot-refosk\/"]}]},{"@type":"BreadcrumbList","@id":"https:\/\/www.dapper-store.com\/en\/izdelek\/klabjan-caotze-merlot-refosk\/#breadcrumb","itemListElement":[{"@type":"ListItem","position":1,"name":"Home","item":"https:\/\/www.dapper-store.com\/en\/home\/"},{"@type":"ListItem","position":2,"name":"Products","item":"https:\/\/www.dapper-store.com\/en\/shop\/"},{"@type":"ListItem","position":3,"name":"Klabjan, Caotze, 2016"}]},{"@type":"WebSite","@id":"https:\/\/www.dapper-store.com\/en\/#website","url":"https:\/\/www.dapper-store.com\/en\/","name":"Dapper store","description":"Trgovina za vse ljubitelje izdelkov vrhunske kakovosti.","publisher":{"@id":"https:\/\/www.dapper-store.com\/en\/#organization"},"potentialAction":[{"@type":"SearchAction","target":{"@type":"EntryPoint","urlTemplate":"https:\/\/www.dapper-store.com\/en\/?s={search_term_string}"},"query-input":"required name=search_term_string"}],"inLanguage":"en-US"},{"@type":"Organization","@id":"https:\/\/www.dapper-store.com\/en\/#organization","name":"Dapper d.o.o.","url":"https:\/\/www.dapper-store.com\/en\/","logo":{"@type":"ImageObject","inLanguage":"en-US","@id":"https:\/\/www.dapper-store.com\/en\/#\/schema\/logo\/image\/","url":"https:\/\/www.dapper-store.com\/wp-content\/uploads\/2022\/11\/DAPPER..png","contentUrl":"https:\/\/www.dapper-store.com\/wp-content\/uploads\/2022\/11\/DAPPER..png","width":1500,"height":450,"caption":"Dapper d.o.o."},"image":{"@id":"https:\/\/www.dapper-store.com\/en\/#\/schema\/logo\/image\/"},"sameAs":["https:\/\/www.facebook.com\/dapperattitude","https:\/\/www.instagram.com\/dapper_ljubljana\/"]}]}},"_links":{"self":[{"href":"https:\/\/www.dapper-store.com\/en\/wp-json\/wp\/v2\/product\/3246","targetHints":{"allow":["GET"]}}],"collection":[{"href":"https:\/\/www.dapper-store.com\/en\/wp-json\/wp\/v2\/product"}],"about":[{"href":"https:\/\/www.dapper-store.com\/en\/wp-json\/wp\/v2\/types\/product"}],"replies":[{"embeddable":true,"href":"https:\/\/www.dapper-store.com\/en\/wp-json\/wp\/v2\/comments?post=3246"}],"wp:featuredmedia":[{"embeddable":true,"href":"https:\/\/www.dapper-store.com\/en\/wp-json\/wp\/v2\/media\/2887"}],"wp:attachment":[{"href":"https:\/\/www.dapper-store.com\/en\/wp-json\/wp\/v2\/media?parent=3246"}],"wp:term":[{"taxonomy":"product_cat","embeddable":true,"href":"https:\/\/www.dapper-store.com\/en\/wp-json\/wp\/v2\/product_cat?post=3246"},{"taxonomy":"product_tag","embeddable":true,"href":"https:\/\/www.dapper-store.com\/en\/wp-json\/wp\/v2\/product_tag?post=3246"}],"curies":[{"name":"wp","href":"https:\/\/api.w.org\/{rel}","templated":true}]}}