{"id":3217,"date":"2023-03-09T18:17:26","date_gmt":"2023-03-09T18:17:26","guid":{"rendered":"https:\/\/www.dapper-store.com\/izdelek\/texier-chateauneuf-du-pape-blanc-magnum-2019\/"},"modified":"2023-09-27T07:42:16","modified_gmt":"2023-09-27T07:42:16","slug":"texier-chateauneuf-du-pape-blanc","status":"publish","type":"product","link":"https:\/\/www.dapper-store.com\/en\/izdelek\/texier-chateauneuf-du-pape-blanc\/","title":{"rendered":"Texier, Ch\u00e2teauneuf-du-Pape Blanc magnum, 2019"},"content":{"rendered":"<p><a href=\"https:\/\/www.eric-texier.com\/le-domaine\">Texier<\/a>, Ch\u00e2teauneuf-du-Pape Blanc 2019 is a white gem made from bourbolenc (50%) and clairette (50%) varieties. It is made from grapes from the Bois S\u00e9n\u00e9chaux vineyards, which are grown organically by Eric&#8217;s long-time friend Jean Rich\u00e9. Soft golden yellow color. On the nose, you can already feel an intense but pleasant fruitiness. The body is full and balanced with freshness and minerality. Ripe apple, pear, peach and delicate tropical fruits caress the palate. Relatively early harvest ensures beautiful freshness. The aftertaste is pleasantly intense and long. Over the years, the fruitiness slowly gives way to noble tertiary aromas and delicate honey notes. One of the best white wines of the Rhone Valley.<\/p>\n<p>Vinification takes place in used wooden vats. The grapes are de-stemmed and gently pressed, fermented spontaneously and then aged in used barrels for 16-20 months. Wine is bottled without filtration and fining. Sulphites are not added.<\/p>\n<h5><\/h5>\n<h5>His path<\/h5>\n<p>Eric Texier traded in his career as a nuclear physics engineer for a career as a viticulturist &#8211; winemaker &#8211; more than two decades ago. Today, he cultivates around 12 hectares of vineyards in two locations in the northern Rh\u00f4ne: Br\u00e9z\u00e8me, with a predominantly limestone soil structure on the left, and Ard\u00e8che, on the right bank of the Rh\u00f4ne, with a subsoil of granite, flints and gneiss, which are historically important appellations in the region, but have always been somewhat neglected due to their small size.<\/p>\n<h5><\/h5>\n<h5>Working in vineyards and wineries<\/h5>\n<p>All work in vineyards is aimed at preserving biodiversity and thus maintaining balance. The varieties produced are syrah, serine, grenache, cinsault, roussanne and clairette. In addition to wines from his own vineyards, Eric also produces red and white Ch\u00e2teauneuf-du-Pape each year, buying grapes from his winemaker friend of a similar philosophy. The minimalist approach continues in the cellar.<\/p>\n<p>Red grapes are not, or only partially, de-stemmed. Macerations are relatively short and rarely exceed 8 days. Fermentations are spontaneous and take place in open concrete or wooden vats. The wines are mostly aged (6-48 months) in concrete tanks, with some in large used barrels. There is no filtration and fining before bottling, and a modest addition of sulphur is possible but not essential. Texier wines are undoubtedly one of those that reflect the varieties and micro-locations of the vineyards much more than the influence of the winemaker.<\/p>\n","protected":false},"excerpt":{"rendered":"<p class=\"\">Philippe Viret farms using a method that is biodynamic in principle, but which he calls &#8220;Cosmoculture&#8221;. No sulphur is added to the wines. Aromas of dark fruit, ripe plum, minerality, slightly spicy, which is even more evident on the palate, where blackberry joins in. Tannins are expressed and acids are consistent. A full, warm body. A ripe red apple with a nice long aftertaste. Exceptional freshness, despite the high alcohol. A great price for Valico amphora wine!<\/p>\n","protected":false},"featured_media":2855,"comment_status":"open","ping_status":"closed","template":"","meta":[],"product_cat":[780,781,500,779,544,499,681,573,503,505],"product_tag":[783,785,784,686,782],"class_list":["post-3217","product","type-product","status-publish","has-post-thumbnail","hentry","product_cat-bourbolenc-en","product_cat-clairette-en","product_cat-country","product_cat-eric-texier-en","product_cat-france","product_cat-natural-wines","product_cat-southern-rhone","product_cat-variety","product_cat-white","product_cat-winegrower","product_tag-bourbolenc-en","product_tag-chateauneuf-du-pape-blanc-en","product_tag-clairette-en","product_tag-southern-rhone","product_tag-texier-en"],"acf":[],"yoast_head":"<!-- This site is optimized with the Yoast SEO Premium plugin v21.0 (Yoast SEO v21.0) - https:\/\/yoast.com\/wordpress\/plugins\/seo\/ -->\n<title>Texier Ch\u00e2teauneuf-du-Pape Blanc<\/title>\n<meta name=\"description\" content=\"Texier Texier Ch\u00e2teauneuf-du-Pape Blanc is undoubtedly one of the best white wines of the Rh\u00f4ne Valley. Intense, fruity and beautifully balanced.\" \/>\n<meta name=\"robots\" content=\"index, follow, max-snippet:-1, max-image-preview:large, max-video-preview:-1\" \/>\n<link rel=\"canonical\" href=\"https:\/\/www.dapper-store.com\/en\/izdelek\/texier-chateauneuf-du-pape-blanc\/\" \/>\n<meta property=\"og:locale\" content=\"en_US\" \/>\n<meta property=\"og:type\" content=\"article\" \/>\n<meta property=\"og:title\" content=\"Texier, Ch\u00e2teauneuf-du-Pape Blanc magnum, 2019\" \/>\n<meta property=\"og:description\" content=\"Texier Texier Ch\u00e2teauneuf-du-Pape Blanc is undoubtedly one of the best white wines of the Rh\u00f4ne Valley. Intense, fruity and beautifully balanced.\" \/>\n<meta property=\"og:url\" content=\"https:\/\/www.dapper-store.com\/en\/izdelek\/texier-chateauneuf-du-pape-blanc\/\" \/>\n<meta property=\"og:site_name\" content=\"Dapper store\" \/>\n<meta property=\"article:publisher\" content=\"https:\/\/www.facebook.com\/dapperattitude\" \/>\n<meta property=\"article:modified_time\" content=\"2023-09-27T07:42:16+00:00\" \/>\n<meta property=\"og:image\" content=\"https:\/\/www.dapper-store.com\/wp-content\/uploads\/2023\/03\/Eric_Texier_Chateauneuf-du-Pape_Blanc.jpg\" \/>\n\t<meta property=\"og:image:width\" content=\"683\" \/>\n\t<meta property=\"og:image:height\" content=\"683\" \/>\n\t<meta property=\"og:image:type\" content=\"image\/jpeg\" \/>\n<meta name=\"twitter:card\" content=\"summary_large_image\" \/>\n<meta name=\"twitter:label1\" content=\"Est. reading time\" \/>\n\t<meta name=\"twitter:data1\" content=\"3 minutes\" \/>\n<script type=\"application\/ld+json\" class=\"yoast-schema-graph\">{\"@context\":\"https:\/\/schema.org\",\"@graph\":[{\"@type\":\"WebPage\",\"@id\":\"https:\/\/www.dapper-store.com\/en\/izdelek\/texier-chateauneuf-du-pape-blanc\/\",\"url\":\"https:\/\/www.dapper-store.com\/en\/izdelek\/texier-chateauneuf-du-pape-blanc\/\",\"name\":\"Texier Ch\u00e2teauneuf-du-Pape Blanc\",\"isPartOf\":{\"@id\":\"https:\/\/www.dapper-store.com\/en\/#website\"},\"datePublished\":\"2023-03-09T18:17:26+00:00\",\"dateModified\":\"2023-09-27T07:42:16+00:00\",\"description\":\"Texier Texier Ch\u00e2teauneuf-du-Pape Blanc is undoubtedly one of the best white wines of the Rh\u00f4ne Valley. Intense, fruity and beautifully balanced.\",\"breadcrumb\":{\"@id\":\"https:\/\/www.dapper-store.com\/en\/izdelek\/texier-chateauneuf-du-pape-blanc\/#breadcrumb\"},\"inLanguage\":\"en-US\",\"potentialAction\":[{\"@type\":\"ReadAction\",\"target\":[\"https:\/\/www.dapper-store.com\/en\/izdelek\/texier-chateauneuf-du-pape-blanc\/\"]}]},{\"@type\":\"BreadcrumbList\",\"@id\":\"https:\/\/www.dapper-store.com\/en\/izdelek\/texier-chateauneuf-du-pape-blanc\/#breadcrumb\",\"itemListElement\":[{\"@type\":\"ListItem\",\"position\":1,\"name\":\"Home\",\"item\":\"https:\/\/www.dapper-store.com\/en\/home\/\"},{\"@type\":\"ListItem\",\"position\":2,\"name\":\"Products\",\"item\":\"https:\/\/www.dapper-store.com\/en\/shop\/\"},{\"@type\":\"ListItem\",\"position\":3,\"name\":\"Texier, Ch\u00e2teauneuf-du-Pape Blanc magnum, 2019\"}]},{\"@type\":\"WebSite\",\"@id\":\"https:\/\/www.dapper-store.com\/en\/#website\",\"url\":\"https:\/\/www.dapper-store.com\/en\/\",\"name\":\"Dapper store\",\"description\":\"Trgovina za vse ljubitelje izdelkov vrhunske kakovosti.\",\"publisher\":{\"@id\":\"https:\/\/www.dapper-store.com\/en\/#organization\"},\"potentialAction\":[{\"@type\":\"SearchAction\",\"target\":{\"@type\":\"EntryPoint\",\"urlTemplate\":\"https:\/\/www.dapper-store.com\/en\/?s={search_term_string}\"},\"query-input\":\"required name=search_term_string\"}],\"inLanguage\":\"en-US\"},{\"@type\":\"Organization\",\"@id\":\"https:\/\/www.dapper-store.com\/en\/#organization\",\"name\":\"Dapper d.o.o.\",\"url\":\"https:\/\/www.dapper-store.com\/en\/\",\"logo\":{\"@type\":\"ImageObject\",\"inLanguage\":\"en-US\",\"@id\":\"https:\/\/www.dapper-store.com\/en\/#\/schema\/logo\/image\/\",\"url\":\"https:\/\/www.dapper-store.com\/wp-content\/uploads\/2022\/11\/DAPPER..png\",\"contentUrl\":\"https:\/\/www.dapper-store.com\/wp-content\/uploads\/2022\/11\/DAPPER..png\",\"width\":1500,\"height\":450,\"caption\":\"Dapper d.o.o.\"},\"image\":{\"@id\":\"https:\/\/www.dapper-store.com\/en\/#\/schema\/logo\/image\/\"},\"sameAs\":[\"https:\/\/www.facebook.com\/dapperattitude\",\"https:\/\/www.instagram.com\/dapper_ljubljana\/\"]}]}<\/script>\n<!-- \/ Yoast SEO Premium plugin. -->","yoast_head_json":{"title":"Texier Ch\u00e2teauneuf-du-Pape Blanc","description":"Texier Texier Ch\u00e2teauneuf-du-Pape Blanc is undoubtedly one of the best white wines of the Rh\u00f4ne Valley. Intense, fruity and beautifully balanced.","robots":{"index":"index","follow":"follow","max-snippet":"max-snippet:-1","max-image-preview":"max-image-preview:large","max-video-preview":"max-video-preview:-1"},"canonical":"https:\/\/www.dapper-store.com\/en\/izdelek\/texier-chateauneuf-du-pape-blanc\/","og_locale":"en_US","og_type":"article","og_title":"Texier, Ch\u00e2teauneuf-du-Pape Blanc magnum, 2019","og_description":"Texier Texier Ch\u00e2teauneuf-du-Pape Blanc is undoubtedly one of the best white wines of the Rh\u00f4ne Valley. Intense, fruity and beautifully balanced.","og_url":"https:\/\/www.dapper-store.com\/en\/izdelek\/texier-chateauneuf-du-pape-blanc\/","og_site_name":"Dapper store","article_publisher":"https:\/\/www.facebook.com\/dapperattitude","article_modified_time":"2023-09-27T07:42:16+00:00","og_image":[{"width":683,"height":683,"url":"https:\/\/www.dapper-store.com\/wp-content\/uploads\/2023\/03\/Eric_Texier_Chateauneuf-du-Pape_Blanc.jpg","type":"image\/jpeg"}],"twitter_card":"summary_large_image","twitter_misc":{"Est. reading time":"3 minutes"},"schema":{"@context":"https:\/\/schema.org","@graph":[{"@type":"WebPage","@id":"https:\/\/www.dapper-store.com\/en\/izdelek\/texier-chateauneuf-du-pape-blanc\/","url":"https:\/\/www.dapper-store.com\/en\/izdelek\/texier-chateauneuf-du-pape-blanc\/","name":"Texier Ch\u00e2teauneuf-du-Pape Blanc","isPartOf":{"@id":"https:\/\/www.dapper-store.com\/en\/#website"},"datePublished":"2023-03-09T18:17:26+00:00","dateModified":"2023-09-27T07:42:16+00:00","description":"Texier Texier Ch\u00e2teauneuf-du-Pape Blanc is undoubtedly one of the best white wines of the Rh\u00f4ne Valley. Intense, fruity and beautifully balanced.","breadcrumb":{"@id":"https:\/\/www.dapper-store.com\/en\/izdelek\/texier-chateauneuf-du-pape-blanc\/#breadcrumb"},"inLanguage":"en-US","potentialAction":[{"@type":"ReadAction","target":["https:\/\/www.dapper-store.com\/en\/izdelek\/texier-chateauneuf-du-pape-blanc\/"]}]},{"@type":"BreadcrumbList","@id":"https:\/\/www.dapper-store.com\/en\/izdelek\/texier-chateauneuf-du-pape-blanc\/#breadcrumb","itemListElement":[{"@type":"ListItem","position":1,"name":"Home","item":"https:\/\/www.dapper-store.com\/en\/home\/"},{"@type":"ListItem","position":2,"name":"Products","item":"https:\/\/www.dapper-store.com\/en\/shop\/"},{"@type":"ListItem","position":3,"name":"Texier, Ch\u00e2teauneuf-du-Pape Blanc magnum, 2019"}]},{"@type":"WebSite","@id":"https:\/\/www.dapper-store.com\/en\/#website","url":"https:\/\/www.dapper-store.com\/en\/","name":"Dapper store","description":"Trgovina za vse ljubitelje izdelkov vrhunske kakovosti.","publisher":{"@id":"https:\/\/www.dapper-store.com\/en\/#organization"},"potentialAction":[{"@type":"SearchAction","target":{"@type":"EntryPoint","urlTemplate":"https:\/\/www.dapper-store.com\/en\/?s={search_term_string}"},"query-input":"required name=search_term_string"}],"inLanguage":"en-US"},{"@type":"Organization","@id":"https:\/\/www.dapper-store.com\/en\/#organization","name":"Dapper d.o.o.","url":"https:\/\/www.dapper-store.com\/en\/","logo":{"@type":"ImageObject","inLanguage":"en-US","@id":"https:\/\/www.dapper-store.com\/en\/#\/schema\/logo\/image\/","url":"https:\/\/www.dapper-store.com\/wp-content\/uploads\/2022\/11\/DAPPER..png","contentUrl":"https:\/\/www.dapper-store.com\/wp-content\/uploads\/2022\/11\/DAPPER..png","width":1500,"height":450,"caption":"Dapper d.o.o."},"image":{"@id":"https:\/\/www.dapper-store.com\/en\/#\/schema\/logo\/image\/"},"sameAs":["https:\/\/www.facebook.com\/dapperattitude","https:\/\/www.instagram.com\/dapper_ljubljana\/"]}]}},"_links":{"self":[{"href":"https:\/\/www.dapper-store.com\/en\/wp-json\/wp\/v2\/product\/3217","targetHints":{"allow":["GET"]}}],"collection":[{"href":"https:\/\/www.dapper-store.com\/en\/wp-json\/wp\/v2\/product"}],"about":[{"href":"https:\/\/www.dapper-store.com\/en\/wp-json\/wp\/v2\/types\/product"}],"replies":[{"embeddable":true,"href":"https:\/\/www.dapper-store.com\/en\/wp-json\/wp\/v2\/comments?post=3217"}],"wp:featuredmedia":[{"embeddable":true,"href":"https:\/\/www.dapper-store.com\/en\/wp-json\/wp\/v2\/media\/2855"}],"wp:attachment":[{"href":"https:\/\/www.dapper-store.com\/en\/wp-json\/wp\/v2\/media?parent=3217"}],"wp:term":[{"taxonomy":"product_cat","embeddable":true,"href":"https:\/\/www.dapper-store.com\/en\/wp-json\/wp\/v2\/product_cat?post=3217"},{"taxonomy":"product_tag","embeddable":true,"href":"https:\/\/www.dapper-store.com\/en\/wp-json\/wp\/v2\/product_tag?post=3217"}],"curies":[{"name":"wp","href":"https:\/\/api.w.org\/{rel}","templated":true}]}}