{"id":3181,"date":"2022-11-30T14:21:00","date_gmt":"2022-11-30T14:21:00","guid":{"rendered":"https:\/\/www.dapper-store.com\/izdelek\/stekar-oliver-pet-nat-2018\/"},"modified":"2023-10-04T06:04:55","modified_gmt":"2023-10-04T06:04:55","slug":"stekar-oliver-pet-nat-sparkling","status":"publish","type":"product","link":"https:\/\/www.dapper-store.com\/en\/izdelek\/stekar-oliver-pet-nat-sparkling\/","title":{"rendered":"\u0160tekar, Oliver pet-nat, 2018"},"content":{"rendered":"<p class=\"\">\u0160tekar Oliver pet-nat is a slightly cloudy sparkling wine with a straw-yellow colour. On the nose, ripe citrus, meadow flowers, white peach. On the palate we are caressed by fine bubbles. Ripe yellow apple, white cherry, very ripe grapefruit, vineyard peach, pineapple, delicate notes of bread crust and brioche. The wine has surprisingly fresh acidity for Brda. The aftertaste is pleasant and quite long.<\/p>\n<h5>Jure \u0160tekar<\/h5>\n<div><span lang=\"EN-US\">Jure \u0160tekar took over the wine-growing and winemaking part of the farm from Sne\u017eatno in Gori\u0161ka Brda in 2012. Organic work started in the vineyards two decades ago, and they were certified four years later. &#8220;The transition to organic viticulture, maceration of white varieties, unfiltered wines&#8230; is really a new beginning, because the wines are so different that the winemaker is forced to find new markets and buyers. But when you succeed, life and work are in some ways even easier, and certainly more beautiful,&#8221; says Jure.<\/span><\/div>\n<div><\/div>\n<h5>Vineyards and winemaking<\/h5>\n<div>\n<p><span lang=\"EN-US\">The vineyards, which lie between 100 and 200 metres above sea level, are dominated by white varieties (65%) &#8211; mainly rebula, malvasia and tokai friulano and some pinot gris. Merlot is the most abundant red wine, followed by Cabernet Franc and Sauvignon.<\/span><\/p>\n<p style=\"font-weight: 400;\">The vine load is adapted to high quality, optimum ripeness and slightly higher alcohols, which, together with tannins, provide natural protection in both red and white (macerated) wines, resulting in low levels of added sulphur. The tannins in both red and white wines are usually pleasant and rounded from the start. The main reason is the de-stemming process, which is very delicate and does not injure the stalk, which means that the risk of &#8216;green&#8217; tannins getting into the wine is virtually zero. For some wines, Jure does not add sulphur at all. Macerated white wines are more elegant from vintage to vintage and anything but orange &#8211; often slightly reductive before bottling, hence far from oxidative.<\/p>\n<p style=\"font-weight: 400;\">Once the healthy grapes, which have been carefully selected at harvest, arrive at the cellar, they are gently de-stemmed and crushed, followed by spontaneous fermentation, which can take place in specially adapted barriques, plastic vats or stainless steel tanks. The length of maceration varies. The skins of Pinot Gris are left on for about a month, those of Rebula for two weeks, and those of Tokaj and Malvasia for one week. The bases for Filip White and Filip Red are usually macerated for about four months. Jure does not stir the wines until pressing, which is gentle, thus avoiding oxidation. After pressing, the wines are aged for at least a year, often longer, in wooden barrels of various dimensions. It is bottled unfiltered and with a modest addition of SO2, some, as already mentioned, without.<\/p>\n<\/div>\n","protected":false},"excerpt":{"rendered":"<p class=\"\">Slightly cloudy sparkling wine of a straw-yellow colour. On the nose, ripe citrus, meadow flowers, white peach. On the palate we are caressed by fine bubbles, ripe yellow apple, white cherry, very ripe grapefruit, vineyard peach, pineapple, delicate notes of bread crust and brioche. The wine has surprisingly fresh acidity for Brda. The aftertaste is pleasant and quite long.<\/p>\n","protected":false},"featured_media":2687,"comment_status":"open","ping_status":"closed","template":"","meta":[],"product_cat":[500,499,624,546,548,751,503,502,505],"product_tag":[767,627,561,770,757],"class_list":["post-3181","product","type-product","status-publish","has-post-thumbnail","hentry","product_cat-country","product_cat-natural-wines","product_cat-rebula-en","product_cat-slovenia","product_cat-sparkling","product_cat-stekar-en","product_cat-white","product_cat-wine-colour","product_cat-winegrower","product_tag-petnat-en","product_tag-rebull","product_tag-sparkling","product_tag-sparkling-riboula","product_tag-stekar-en"],"acf":[],"yoast_head":"<!-- This site is optimized with the Yoast SEO Premium plugin v21.0 (Yoast SEO v21.0) - https:\/\/yoast.com\/wordpress\/plugins\/seo\/ -->\n<title>\u0160tekar Oliver pet-nat sparkling<\/title>\n<meta name=\"description\" content=\"\u0160tekar Oliver pet-nat is a slightly cloudy sparkling wine. Fine bubbles, yellow apple, white cherry, ripe grapefruit, vineyard peach...\" \/>\n<meta name=\"robots\" content=\"index, follow, max-snippet:-1, max-image-preview:large, max-video-preview:-1\" \/>\n<link rel=\"canonical\" href=\"https:\/\/www.dapper-store.com\/en\/izdelek\/stekar-oliver-pet-nat-sparkling\/\" \/>\n<meta property=\"og:locale\" content=\"en_US\" \/>\n<meta property=\"og:type\" content=\"article\" \/>\n<meta property=\"og:title\" content=\"\u0160tekar, Oliver pet-nat, 2018\" \/>\n<meta property=\"og:description\" content=\"\u0160tekar Oliver pet-nat is a slightly cloudy sparkling wine. Fine bubbles, yellow apple, white cherry, ripe grapefruit, vineyard peach...\" \/>\n<meta property=\"og:url\" content=\"https:\/\/www.dapper-store.com\/en\/izdelek\/stekar-oliver-pet-nat-sparkling\/\" \/>\n<meta property=\"og:site_name\" content=\"Dapper store\" \/>\n<meta property=\"article:publisher\" content=\"https:\/\/www.facebook.com\/dapperattitude\" \/>\n<meta property=\"article:modified_time\" content=\"2023-10-04T06:04:55+00:00\" \/>\n<meta property=\"og:image\" content=\"https:\/\/www.dapper-store.com\/wp-content\/uploads\/2022\/11\/oliver_petnat.png\" \/>\n\t<meta property=\"og:image:width\" content=\"1000\" \/>\n\t<meta property=\"og:image:height\" content=\"1000\" \/>\n\t<meta property=\"og:image:type\" content=\"image\/png\" \/>\n<meta name=\"twitter:card\" content=\"summary_large_image\" \/>\n<meta name=\"twitter:label1\" content=\"Est. reading time\" \/>\n\t<meta name=\"twitter:data1\" content=\"3 minutes\" \/>\n<script type=\"application\/ld+json\" class=\"yoast-schema-graph\">{\"@context\":\"https:\/\/schema.org\",\"@graph\":[{\"@type\":\"WebPage\",\"@id\":\"https:\/\/www.dapper-store.com\/en\/izdelek\/stekar-oliver-pet-nat-sparkling\/\",\"url\":\"https:\/\/www.dapper-store.com\/en\/izdelek\/stekar-oliver-pet-nat-sparkling\/\",\"name\":\"\u0160tekar Oliver pet-nat sparkling\",\"isPartOf\":{\"@id\":\"https:\/\/www.dapper-store.com\/en\/#website\"},\"datePublished\":\"2022-11-30T14:21:00+00:00\",\"dateModified\":\"2023-10-04T06:04:55+00:00\",\"description\":\"\u0160tekar Oliver pet-nat is a slightly cloudy sparkling wine. Fine bubbles, yellow apple, white cherry, ripe grapefruit, vineyard peach...\",\"breadcrumb\":{\"@id\":\"https:\/\/www.dapper-store.com\/en\/izdelek\/stekar-oliver-pet-nat-sparkling\/#breadcrumb\"},\"inLanguage\":\"en-US\",\"potentialAction\":[{\"@type\":\"ReadAction\",\"target\":[\"https:\/\/www.dapper-store.com\/en\/izdelek\/stekar-oliver-pet-nat-sparkling\/\"]}]},{\"@type\":\"BreadcrumbList\",\"@id\":\"https:\/\/www.dapper-store.com\/en\/izdelek\/stekar-oliver-pet-nat-sparkling\/#breadcrumb\",\"itemListElement\":[{\"@type\":\"ListItem\",\"position\":1,\"name\":\"Home\",\"item\":\"https:\/\/www.dapper-store.com\/en\/home\/\"},{\"@type\":\"ListItem\",\"position\":2,\"name\":\"Products\",\"item\":\"https:\/\/www.dapper-store.com\/en\/shop\/\"},{\"@type\":\"ListItem\",\"position\":3,\"name\":\"\u0160tekar, Oliver pet-nat, 2018\"}]},{\"@type\":\"WebSite\",\"@id\":\"https:\/\/www.dapper-store.com\/en\/#website\",\"url\":\"https:\/\/www.dapper-store.com\/en\/\",\"name\":\"Dapper store\",\"description\":\"Trgovina za vse ljubitelje izdelkov vrhunske kakovosti.\",\"publisher\":{\"@id\":\"https:\/\/www.dapper-store.com\/en\/#organization\"},\"potentialAction\":[{\"@type\":\"SearchAction\",\"target\":{\"@type\":\"EntryPoint\",\"urlTemplate\":\"https:\/\/www.dapper-store.com\/en\/?s={search_term_string}\"},\"query-input\":\"required name=search_term_string\"}],\"inLanguage\":\"en-US\"},{\"@type\":\"Organization\",\"@id\":\"https:\/\/www.dapper-store.com\/en\/#organization\",\"name\":\"Dapper d.o.o.\",\"url\":\"https:\/\/www.dapper-store.com\/en\/\",\"logo\":{\"@type\":\"ImageObject\",\"inLanguage\":\"en-US\",\"@id\":\"https:\/\/www.dapper-store.com\/en\/#\/schema\/logo\/image\/\",\"url\":\"https:\/\/www.dapper-store.com\/wp-content\/uploads\/2022\/11\/DAPPER..png\",\"contentUrl\":\"https:\/\/www.dapper-store.com\/wp-content\/uploads\/2022\/11\/DAPPER..png\",\"width\":1500,\"height\":450,\"caption\":\"Dapper d.o.o.\"},\"image\":{\"@id\":\"https:\/\/www.dapper-store.com\/en\/#\/schema\/logo\/image\/\"},\"sameAs\":[\"https:\/\/www.facebook.com\/dapperattitude\",\"https:\/\/www.instagram.com\/dapper_ljubljana\/\"]}]}<\/script>\n<!-- \/ Yoast SEO Premium plugin. -->","yoast_head_json":{"title":"\u0160tekar Oliver pet-nat sparkling","description":"\u0160tekar Oliver pet-nat is a slightly cloudy sparkling wine. Fine bubbles, yellow apple, white cherry, ripe grapefruit, vineyard peach...","robots":{"index":"index","follow":"follow","max-snippet":"max-snippet:-1","max-image-preview":"max-image-preview:large","max-video-preview":"max-video-preview:-1"},"canonical":"https:\/\/www.dapper-store.com\/en\/izdelek\/stekar-oliver-pet-nat-sparkling\/","og_locale":"en_US","og_type":"article","og_title":"\u0160tekar, Oliver pet-nat, 2018","og_description":"\u0160tekar Oliver pet-nat is a slightly cloudy sparkling wine. Fine bubbles, yellow apple, white cherry, ripe grapefruit, vineyard peach...","og_url":"https:\/\/www.dapper-store.com\/en\/izdelek\/stekar-oliver-pet-nat-sparkling\/","og_site_name":"Dapper store","article_publisher":"https:\/\/www.facebook.com\/dapperattitude","article_modified_time":"2023-10-04T06:04:55+00:00","og_image":[{"width":1000,"height":1000,"url":"https:\/\/www.dapper-store.com\/wp-content\/uploads\/2022\/11\/oliver_petnat.png","type":"image\/png"}],"twitter_card":"summary_large_image","twitter_misc":{"Est. reading time":"3 minutes"},"schema":{"@context":"https:\/\/schema.org","@graph":[{"@type":"WebPage","@id":"https:\/\/www.dapper-store.com\/en\/izdelek\/stekar-oliver-pet-nat-sparkling\/","url":"https:\/\/www.dapper-store.com\/en\/izdelek\/stekar-oliver-pet-nat-sparkling\/","name":"\u0160tekar Oliver pet-nat sparkling","isPartOf":{"@id":"https:\/\/www.dapper-store.com\/en\/#website"},"datePublished":"2022-11-30T14:21:00+00:00","dateModified":"2023-10-04T06:04:55+00:00","description":"\u0160tekar Oliver pet-nat is a slightly cloudy sparkling wine. Fine bubbles, yellow apple, white cherry, ripe grapefruit, vineyard peach...","breadcrumb":{"@id":"https:\/\/www.dapper-store.com\/en\/izdelek\/stekar-oliver-pet-nat-sparkling\/#breadcrumb"},"inLanguage":"en-US","potentialAction":[{"@type":"ReadAction","target":["https:\/\/www.dapper-store.com\/en\/izdelek\/stekar-oliver-pet-nat-sparkling\/"]}]},{"@type":"BreadcrumbList","@id":"https:\/\/www.dapper-store.com\/en\/izdelek\/stekar-oliver-pet-nat-sparkling\/#breadcrumb","itemListElement":[{"@type":"ListItem","position":1,"name":"Home","item":"https:\/\/www.dapper-store.com\/en\/home\/"},{"@type":"ListItem","position":2,"name":"Products","item":"https:\/\/www.dapper-store.com\/en\/shop\/"},{"@type":"ListItem","position":3,"name":"\u0160tekar, Oliver pet-nat, 2018"}]},{"@type":"WebSite","@id":"https:\/\/www.dapper-store.com\/en\/#website","url":"https:\/\/www.dapper-store.com\/en\/","name":"Dapper store","description":"Trgovina za vse ljubitelje izdelkov vrhunske kakovosti.","publisher":{"@id":"https:\/\/www.dapper-store.com\/en\/#organization"},"potentialAction":[{"@type":"SearchAction","target":{"@type":"EntryPoint","urlTemplate":"https:\/\/www.dapper-store.com\/en\/?s={search_term_string}"},"query-input":"required name=search_term_string"}],"inLanguage":"en-US"},{"@type":"Organization","@id":"https:\/\/www.dapper-store.com\/en\/#organization","name":"Dapper d.o.o.","url":"https:\/\/www.dapper-store.com\/en\/","logo":{"@type":"ImageObject","inLanguage":"en-US","@id":"https:\/\/www.dapper-store.com\/en\/#\/schema\/logo\/image\/","url":"https:\/\/www.dapper-store.com\/wp-content\/uploads\/2022\/11\/DAPPER..png","contentUrl":"https:\/\/www.dapper-store.com\/wp-content\/uploads\/2022\/11\/DAPPER..png","width":1500,"height":450,"caption":"Dapper d.o.o."},"image":{"@id":"https:\/\/www.dapper-store.com\/en\/#\/schema\/logo\/image\/"},"sameAs":["https:\/\/www.facebook.com\/dapperattitude","https:\/\/www.instagram.com\/dapper_ljubljana\/"]}]}},"_links":{"self":[{"href":"https:\/\/www.dapper-store.com\/en\/wp-json\/wp\/v2\/product\/3181","targetHints":{"allow":["GET"]}}],"collection":[{"href":"https:\/\/www.dapper-store.com\/en\/wp-json\/wp\/v2\/product"}],"about":[{"href":"https:\/\/www.dapper-store.com\/en\/wp-json\/wp\/v2\/types\/product"}],"replies":[{"embeddable":true,"href":"https:\/\/www.dapper-store.com\/en\/wp-json\/wp\/v2\/comments?post=3181"}],"wp:featuredmedia":[{"embeddable":true,"href":"https:\/\/www.dapper-store.com\/en\/wp-json\/wp\/v2\/media\/2687"}],"wp:attachment":[{"href":"https:\/\/www.dapper-store.com\/en\/wp-json\/wp\/v2\/media?parent=3181"}],"wp:term":[{"taxonomy":"product_cat","embeddable":true,"href":"https:\/\/www.dapper-store.com\/en\/wp-json\/wp\/v2\/product_cat?post=3181"},{"taxonomy":"product_tag","embeddable":true,"href":"https:\/\/www.dapper-store.com\/en\/wp-json\/wp\/v2\/product_tag?post=3181"}],"curies":[{"name":"wp","href":"https:\/\/api.w.org\/{rel}","templated":true}]}}