{"id":3127,"date":"2022-11-16T14:21:15","date_gmt":"2022-11-16T14:21:15","guid":{"rendered":"https:\/\/www.dapper-store.com\/izdelek\/chateau-le-puy-emilien-2008-15l\/"},"modified":"2023-09-28T06:23:27","modified_gmt":"2023-09-28T06:23:27","slug":"emilien-merlot-cabernet-malbec-carmenere","status":"publish","type":"product","link":"https:\/\/www.dapper-store.com\/en\/izdelek\/emilien-merlot-cabernet-malbec-carmenere\/","title":{"rendered":"Chateau le Puy, Emilien, 2008 (1,5l)"},"content":{"rendered":"<p class=\"\"><a href=\"https:\/\/www.chateau-le-puy.com\/en\/nos-vins\/emilien\/\">Le Puy Emilien<\/a> is a premium Bordeaux made up of merlot (85% ), cabernet sauvignon (7%), cabernet franc (6%), malbec (1%) and carm\u00e9n\u00e8re (1%) It comes from the Right Bank &#8211; the same plateau as Saint Emilion and Pomerol. Spontaneous fermentation and maceration take place in concrete tanks, followed by maturation for 12 months in large barrels (50hl), then another 12 months in old barriques. The colour is ruby-garnet red. The scent is elegant and characterful. Ripe red fruit &#8211; cherries, strawberries, raspberries, red and blackcurrants with tertiary aromas &#8211; gentle tobacco, dark chocolate, leather . Taste: fruity &#8211; raspberries, currants, ripe and dried plums, blueberries, with gentle tertiary aromas. Velvety tannins, beautiful minerality. An exceptional, long aftertaste. Bordeaux with the delicacy of Burgundy.<\/p>\n<h4>Working in vineyards and wineries<\/h4>\n<p>The Amoreau family and their colleagues on the estate carefully monitor the biological balance. Alongside the vines, the farm hosts many other plants and crops as well as animals. All of which ensure that the soil is rich in micro-organisms. By planting shrubs such as currants and olive trees in the vineyards, they create a polyculture rather than monoculture. After hand-picking and careful selection, the grapes are de-stemmed, crushed and fermented spontaneously in concrete tanks. After about a month of maceration, the wine is gently pressed and matured for at least two years in large used casks and barriques, which are replaced by new ones very rarely and each time at a small percentage. The family does not want the smell or taste of new oak barrels in their wines.<\/p>\n<h4>History of the estate<\/h4>\n<p><a href=\"https:\/\/www.chateau-le-puy.com\/en\/the-estate\/our-history\/\">The Le Puy estate<\/a> dates back to 1610, when the ancestors of the present-day Amoreau family were first mentioned in the records at <a href=\"https:\/\/www.chateau-le-puy.com\/en\/the-estate\/le-puy-a-unique-site\/\">Le Puy<\/a>. The first generations, in addition to viticulture and livestock breeding, also engaged in handicraft activities to help them survive. In different generations, they were barrel makers, blacksmiths, weavers &#8230; Apart from sulphur, the estate has never used chemical products such as insecticides, herbicides, fungicides and systemics in its 400-year history. With each generation, the wine-growing and winemaking knowledge and experience has grown. In 1868, Barth\u00e9lemy Amoreau (Jean Pierre Amoreau&#8217;s great-grandfather) began to question the use of sulphites as an additive to wine. To this day, sulphur is added to wine only in exceptional cases.<\/p>\n","protected":false},"excerpt":{"rendered":"<p class=\"\">A top Bordeaux from the Right Bank &#8211; the same plateau as Pomerol and Saint Emilion. Fermentation and maceration in large oak vats, maturation for 12 months in large barrels (50hl), then another 12 months in old barriques. The colour is ruby-garnet red. Nose: elegant, ripe red fruits &#8211; cherries, strawberries, raspberries, red and blackcurrants. Taste: raspberries, currants, ripe and prunes, blueberries, soft tannins, minerality. An exceptional, long aftertaste. Bordeaux with the delicacy of Burgundy.<\/p>\n","protected":false},"featured_media":2649,"comment_status":"open","ping_status":"closed","template":"","meta":[],"product_cat":[692,500,544,499,505],"product_tag":[694,599,695,693,575],"class_list":["post-3127","product","type-product","status-publish","has-post-thumbnail","hentry","product_cat-chateau-le-puy-en","product_cat-country","product_cat-france","product_cat-natural-wines","product_cat-winegrower","product_tag-bordeaux-en","product_tag-cabernet-sauvignon-en","product_tag-carmenerre-en","product_tag-chateau-le-puy-en","product_tag-merlot-en"],"acf":[],"yoast_head":"<!-- This site is optimized with the Yoast SEO Premium plugin v21.0 (Yoast SEO v21.0) - https:\/\/yoast.com\/wordpress\/plugins\/seo\/ -->\n<title>emilien merlot cabernet malbec carm\u00e9n\u00e8re<\/title>\n<meta name=\"description\" content=\"LePuy Emilien consists of merlot, cabernet sauvignon, cabernet franc, malbec and carm\u00e9n\u00e8re. An incredibly delicate wine from the right bank of Bordeaux.\" \/>\n<meta name=\"robots\" content=\"index, follow, max-snippet:-1, max-image-preview:large, max-video-preview:-1\" \/>\n<link rel=\"canonical\" href=\"https:\/\/www.dapper-store.com\/en\/izdelek\/emilien-merlot-cabernet-malbec-carmenere\/\" \/>\n<meta property=\"og:locale\" content=\"en_US\" \/>\n<meta property=\"og:type\" content=\"article\" \/>\n<meta property=\"og:title\" content=\"Chateau le Puy, Emilien, 2008 (1,5l)\" \/>\n<meta property=\"og:description\" content=\"LePuy Emilien consists of merlot, cabernet sauvignon, cabernet franc, malbec and carm\u00e9n\u00e8re. An incredibly delicate wine from the right bank of Bordeaux.\" \/>\n<meta property=\"og:url\" content=\"https:\/\/www.dapper-store.com\/en\/izdelek\/emilien-merlot-cabernet-malbec-carmenere\/\" \/>\n<meta property=\"og:site_name\" content=\"Dapper store\" \/>\n<meta property=\"article:publisher\" content=\"https:\/\/www.facebook.com\/dapperattitude\" \/>\n<meta property=\"article:modified_time\" content=\"2023-09-28T06:23:27+00:00\" \/>\n<meta property=\"og:image\" content=\"https:\/\/www.dapper-store.com\/wp-content\/uploads\/2022\/11\/Chateau_Le_Puy_Emilien_12-copy-2.jpg\" \/>\n\t<meta property=\"og:image:width\" content=\"1000\" \/>\n\t<meta property=\"og:image:height\" content=\"1000\" \/>\n\t<meta property=\"og:image:type\" content=\"image\/jpeg\" \/>\n<meta name=\"twitter:card\" content=\"summary_large_image\" \/>\n<meta name=\"twitter:label1\" content=\"Est. reading time\" \/>\n\t<meta name=\"twitter:data1\" content=\"3 minutes\" \/>\n<script type=\"application\/ld+json\" class=\"yoast-schema-graph\">{\"@context\":\"https:\/\/schema.org\",\"@graph\":[{\"@type\":\"WebPage\",\"@id\":\"https:\/\/www.dapper-store.com\/en\/izdelek\/emilien-merlot-cabernet-malbec-carmenere\/\",\"url\":\"https:\/\/www.dapper-store.com\/en\/izdelek\/emilien-merlot-cabernet-malbec-carmenere\/\",\"name\":\"emilien merlot cabernet malbec carm\u00e9n\u00e8re\",\"isPartOf\":{\"@id\":\"https:\/\/www.dapper-store.com\/en\/#website\"},\"datePublished\":\"2022-11-16T14:21:15+00:00\",\"dateModified\":\"2023-09-28T06:23:27+00:00\",\"description\":\"LePuy Emilien consists of merlot, cabernet sauvignon, cabernet franc, malbec and carm\u00e9n\u00e8re. An incredibly delicate wine from the right bank of Bordeaux.\",\"breadcrumb\":{\"@id\":\"https:\/\/www.dapper-store.com\/en\/izdelek\/emilien-merlot-cabernet-malbec-carmenere\/#breadcrumb\"},\"inLanguage\":\"en-US\",\"potentialAction\":[{\"@type\":\"ReadAction\",\"target\":[\"https:\/\/www.dapper-store.com\/en\/izdelek\/emilien-merlot-cabernet-malbec-carmenere\/\"]}]},{\"@type\":\"BreadcrumbList\",\"@id\":\"https:\/\/www.dapper-store.com\/en\/izdelek\/emilien-merlot-cabernet-malbec-carmenere\/#breadcrumb\",\"itemListElement\":[{\"@type\":\"ListItem\",\"position\":1,\"name\":\"Home\",\"item\":\"https:\/\/www.dapper-store.com\/en\/home\/\"},{\"@type\":\"ListItem\",\"position\":2,\"name\":\"Products\",\"item\":\"https:\/\/www.dapper-store.com\/en\/shop\/\"},{\"@type\":\"ListItem\",\"position\":3,\"name\":\"Chateau le Puy, Emilien, 2008 (1,5l)\"}]},{\"@type\":\"WebSite\",\"@id\":\"https:\/\/www.dapper-store.com\/en\/#website\",\"url\":\"https:\/\/www.dapper-store.com\/en\/\",\"name\":\"Dapper store\",\"description\":\"Trgovina za vse ljubitelje izdelkov vrhunske kakovosti.\",\"publisher\":{\"@id\":\"https:\/\/www.dapper-store.com\/en\/#organization\"},\"potentialAction\":[{\"@type\":\"SearchAction\",\"target\":{\"@type\":\"EntryPoint\",\"urlTemplate\":\"https:\/\/www.dapper-store.com\/en\/?s={search_term_string}\"},\"query-input\":\"required name=search_term_string\"}],\"inLanguage\":\"en-US\"},{\"@type\":\"Organization\",\"@id\":\"https:\/\/www.dapper-store.com\/en\/#organization\",\"name\":\"Dapper d.o.o.\",\"url\":\"https:\/\/www.dapper-store.com\/en\/\",\"logo\":{\"@type\":\"ImageObject\",\"inLanguage\":\"en-US\",\"@id\":\"https:\/\/www.dapper-store.com\/en\/#\/schema\/logo\/image\/\",\"url\":\"https:\/\/www.dapper-store.com\/wp-content\/uploads\/2022\/11\/DAPPER..png\",\"contentUrl\":\"https:\/\/www.dapper-store.com\/wp-content\/uploads\/2022\/11\/DAPPER..png\",\"width\":1500,\"height\":450,\"caption\":\"Dapper d.o.o.\"},\"image\":{\"@id\":\"https:\/\/www.dapper-store.com\/en\/#\/schema\/logo\/image\/\"},\"sameAs\":[\"https:\/\/www.facebook.com\/dapperattitude\",\"https:\/\/www.instagram.com\/dapper_ljubljana\/\"]}]}<\/script>\n<!-- \/ Yoast SEO Premium plugin. -->","yoast_head_json":{"title":"emilien merlot cabernet malbec carm\u00e9n\u00e8re","description":"LePuy Emilien consists of merlot, cabernet sauvignon, cabernet franc, malbec and carm\u00e9n\u00e8re. An incredibly delicate wine from the right bank of Bordeaux.","robots":{"index":"index","follow":"follow","max-snippet":"max-snippet:-1","max-image-preview":"max-image-preview:large","max-video-preview":"max-video-preview:-1"},"canonical":"https:\/\/www.dapper-store.com\/en\/izdelek\/emilien-merlot-cabernet-malbec-carmenere\/","og_locale":"en_US","og_type":"article","og_title":"Chateau le Puy, Emilien, 2008 (1,5l)","og_description":"LePuy Emilien consists of merlot, cabernet sauvignon, cabernet franc, malbec and carm\u00e9n\u00e8re. An incredibly delicate wine from the right bank of Bordeaux.","og_url":"https:\/\/www.dapper-store.com\/en\/izdelek\/emilien-merlot-cabernet-malbec-carmenere\/","og_site_name":"Dapper store","article_publisher":"https:\/\/www.facebook.com\/dapperattitude","article_modified_time":"2023-09-28T06:23:27+00:00","og_image":[{"width":1000,"height":1000,"url":"https:\/\/www.dapper-store.com\/wp-content\/uploads\/2022\/11\/Chateau_Le_Puy_Emilien_12-copy-2.jpg","type":"image\/jpeg"}],"twitter_card":"summary_large_image","twitter_misc":{"Est. reading time":"3 minutes"},"schema":{"@context":"https:\/\/schema.org","@graph":[{"@type":"WebPage","@id":"https:\/\/www.dapper-store.com\/en\/izdelek\/emilien-merlot-cabernet-malbec-carmenere\/","url":"https:\/\/www.dapper-store.com\/en\/izdelek\/emilien-merlot-cabernet-malbec-carmenere\/","name":"emilien merlot cabernet malbec carm\u00e9n\u00e8re","isPartOf":{"@id":"https:\/\/www.dapper-store.com\/en\/#website"},"datePublished":"2022-11-16T14:21:15+00:00","dateModified":"2023-09-28T06:23:27+00:00","description":"LePuy Emilien consists of merlot, cabernet sauvignon, cabernet franc, malbec and carm\u00e9n\u00e8re. An incredibly delicate wine from the right bank of Bordeaux.","breadcrumb":{"@id":"https:\/\/www.dapper-store.com\/en\/izdelek\/emilien-merlot-cabernet-malbec-carmenere\/#breadcrumb"},"inLanguage":"en-US","potentialAction":[{"@type":"ReadAction","target":["https:\/\/www.dapper-store.com\/en\/izdelek\/emilien-merlot-cabernet-malbec-carmenere\/"]}]},{"@type":"BreadcrumbList","@id":"https:\/\/www.dapper-store.com\/en\/izdelek\/emilien-merlot-cabernet-malbec-carmenere\/#breadcrumb","itemListElement":[{"@type":"ListItem","position":1,"name":"Home","item":"https:\/\/www.dapper-store.com\/en\/home\/"},{"@type":"ListItem","position":2,"name":"Products","item":"https:\/\/www.dapper-store.com\/en\/shop\/"},{"@type":"ListItem","position":3,"name":"Chateau le Puy, Emilien, 2008 (1,5l)"}]},{"@type":"WebSite","@id":"https:\/\/www.dapper-store.com\/en\/#website","url":"https:\/\/www.dapper-store.com\/en\/","name":"Dapper store","description":"Trgovina za vse ljubitelje izdelkov vrhunske kakovosti.","publisher":{"@id":"https:\/\/www.dapper-store.com\/en\/#organization"},"potentialAction":[{"@type":"SearchAction","target":{"@type":"EntryPoint","urlTemplate":"https:\/\/www.dapper-store.com\/en\/?s={search_term_string}"},"query-input":"required name=search_term_string"}],"inLanguage":"en-US"},{"@type":"Organization","@id":"https:\/\/www.dapper-store.com\/en\/#organization","name":"Dapper d.o.o.","url":"https:\/\/www.dapper-store.com\/en\/","logo":{"@type":"ImageObject","inLanguage":"en-US","@id":"https:\/\/www.dapper-store.com\/en\/#\/schema\/logo\/image\/","url":"https:\/\/www.dapper-store.com\/wp-content\/uploads\/2022\/11\/DAPPER..png","contentUrl":"https:\/\/www.dapper-store.com\/wp-content\/uploads\/2022\/11\/DAPPER..png","width":1500,"height":450,"caption":"Dapper d.o.o."},"image":{"@id":"https:\/\/www.dapper-store.com\/en\/#\/schema\/logo\/image\/"},"sameAs":["https:\/\/www.facebook.com\/dapperattitude","https:\/\/www.instagram.com\/dapper_ljubljana\/"]}]}},"_links":{"self":[{"href":"https:\/\/www.dapper-store.com\/en\/wp-json\/wp\/v2\/product\/3127","targetHints":{"allow":["GET"]}}],"collection":[{"href":"https:\/\/www.dapper-store.com\/en\/wp-json\/wp\/v2\/product"}],"about":[{"href":"https:\/\/www.dapper-store.com\/en\/wp-json\/wp\/v2\/types\/product"}],"replies":[{"embeddable":true,"href":"https:\/\/www.dapper-store.com\/en\/wp-json\/wp\/v2\/comments?post=3127"}],"wp:featuredmedia":[{"embeddable":true,"href":"https:\/\/www.dapper-store.com\/en\/wp-json\/wp\/v2\/media\/2649"}],"wp:attachment":[{"href":"https:\/\/www.dapper-store.com\/en\/wp-json\/wp\/v2\/media?parent=3127"}],"wp:term":[{"taxonomy":"product_cat","embeddable":true,"href":"https:\/\/www.dapper-store.com\/en\/wp-json\/wp\/v2\/product_cat?post=3127"},{"taxonomy":"product_tag","embeddable":true,"href":"https:\/\/www.dapper-store.com\/en\/wp-json\/wp\/v2\/product_tag?post=3127"}],"curies":[{"name":"wp","href":"https:\/\/api.w.org\/{rel}","templated":true}]}}