{"id":3107,"date":"2022-11-16T14:21:11","date_gmt":"2022-11-16T14:21:11","guid":{"rendered":"https:\/\/www.dapper-store.com\/izdelek\/cotar-vitovska-2020\/"},"modified":"2024-04-17T11:21:20","modified_gmt":"2024-04-17T11:21:20","slug":"cotar-vitovska-2020-natural","status":"publish","type":"product","link":"https:\/\/www.dapper-store.com\/en\/izdelek\/cotar-vitovska-2020-natural\/","title":{"rendered":"\u010cotar, Vitovska, 2020"},"content":{"rendered":"<p class=\"\"><span style=\"color: #000000;\">\u010cotar Vitovska 2020 is a superb natural wine with a golden yellow colour and a nose of delicate dried apricot, peach, lime peel and wet karst stone. The taste is a blend of fresh stone fruit with hints of dried apricot. The acids are well expressed and the minerality is quite complex, with both saline and stony forms. There is spiciness. The aftertaste is juicy, fruity, spicy and long. Wine is only at the beginning of what will undoubtedly be a long and interesting journey.<\/span><\/p>\n<p>&nbsp;<\/p>\n<div>\n<h5>Branko and Vasja \u010cotar<\/h5>\n<p><span lang=\"EN-US\">The \u010cotars produced their first wines in 1974, at that time exclusively for the family restaurant. Vasja and Branko were also one of the pioneers of maceration of white varieties in Slovenia. Their work in the vineyards and wineries could be described as a constant evolution, an approach backed by years of experience and constantly refined by small improvements. The work in the vineyards is organic and the work in the cellar is minimalist, i.e. without unnecessary interventions. Despite the fact that Chotar&#8217;s wines are not usually added sulphur, both red and white wines retain an almost unbelievable freshness and youthfulness for many years, even decades.<\/span><\/p>\n<h5>Farm and cellar<\/h5>\n<p>The \u010cotar family farm with vineyards, a cellar and a house is located <a href=\"https:\/\/cotar.si\/kontakt\/\">in the west of the Karst region in Gorjansko<\/a>, just 5 km from the sea. Despite the family tradition, the current farm was created from scratch. It was 40 years ago, in 1974 to be precise, that they built the first part of the cellar, dug into the living rock, and produced their first wines, Teran and Kra\u0161ko Belo, for their own tavern. The first wines, the 1988 vintage, were bottled for sale in 1990. The second part of the cellar was built the year before, and the rest of the cellar was added in 2002.<\/p>\n<h4>Vineyards<\/h4>\n<p>\u010cotar is an organic farm where the vineyards are farmed in a nature-friendly way. The vineyards cover Pe\u010dina, Olarija, Dra\u017ena, Dusce, Polje, Kot, Ivanji grad, a total of 7.5 ha. Planting a vineyard in this part of the Karst means deforestation, loosening of rocky terrain and the introduction of soil.<\/p>\n<h4>Varieties<\/h4>\n<p class=\"NO-pad-mar\">Teran, Cabernet Sauvignon, Merlot, Malvasia, Sauvignon, Vito.<\/p>\n<ul>\n<li>50 % red, 50 % white varieties<\/li>\n<li>6000 vines per hectare<\/li>\n<li>Single guyot<\/li>\n<li>Low vine load (3500 to 4000 kg\/ha)<\/li>\n<li>Harvesting in late autumn &#8211; when the grapes reach phenolic ripeness<\/li>\n<\/ul>\n<\/div>\n","protected":false},"excerpt":{"rendered":"<p class=\"\"><span style=\"color: #000000;\">The colour is golden yellow, with a nose of delicate dried apricot, peach, lime peel and wet karst stone. The taste is a blend of fresh stone fruit with hints of dried apricot. The acids are well expressed and the minerality is quite complex, with both saline and stony forms. There is spiciness. The aftertaste is juicy, fruity, spicy and long. Wine is only at the beginning of what will undoubtedly be a long and interesting journey.<\/span><\/p>\n","protected":false},"featured_media":2628,"comment_status":"open","ping_status":"closed","template":"","meta":[],"product_cat":[588,500,499,546,625,504,502,505],"product_tag":[108,589,630,106],"class_list":["post-3107","product","type-product","status-publish","has-post-thumbnail","hentry","product_cat-cotar","product_cat-country","product_cat-natural-wines","product_cat-slovenia","product_cat-vitovska-en","product_cat-white-macerated-orange","product_cat-wine-colour","product_cat-winegrower","product_tag-cotar","product_tag-karst","product_tag-vitovian-gargoyles","product_tag-vitovska"],"acf":[],"yoast_head":"<!-- This site is optimized with the Yoast SEO Premium plugin v21.0 (Yoast SEO v21.0) - https:\/\/yoast.com\/wordpress\/plugins\/seo\/ -->\n<title>\u010cotar vitovska 2020 natural<\/title>\n<meta name=\"description\" content=\"\u010cotar Vitovska 2020 is a superb natural wine with a golden yellow colour and a nose of delicate dried apricot, peach, lime peel and wet karst stone.\" \/>\n<meta name=\"robots\" content=\"index, follow, max-snippet:-1, max-image-preview:large, max-video-preview:-1\" \/>\n<link rel=\"canonical\" href=\"https:\/\/www.dapper-store.com\/en\/izdelek\/cotar-vitovska-2020-natural\/\" \/>\n<meta property=\"og:locale\" content=\"en_US\" \/>\n<meta property=\"og:type\" content=\"article\" \/>\n<meta property=\"og:title\" content=\"\u010cotar, Vitovska, 2020\" \/>\n<meta property=\"og:description\" content=\"\u010cotar Vitovska 2020 is a superb natural wine with a golden yellow colour and a nose of delicate dried apricot, peach, lime peel and wet karst stone.\" \/>\n<meta property=\"og:url\" content=\"https:\/\/www.dapper-store.com\/en\/izdelek\/cotar-vitovska-2020-natural\/\" \/>\n<meta property=\"og:site_name\" content=\"Dapper store\" \/>\n<meta property=\"article:publisher\" content=\"https:\/\/www.facebook.com\/dapperattitude\" \/>\n<meta property=\"article:modified_time\" content=\"2024-04-17T11:21:20+00:00\" \/>\n<meta property=\"og:image\" content=\"https:\/\/www.dapper-store.com\/wp-content\/uploads\/2022\/11\/vitovska_cotar.png\" \/>\n\t<meta property=\"og:image:width\" content=\"1004\" \/>\n\t<meta property=\"og:image:height\" content=\"1004\" \/>\n\t<meta property=\"og:image:type\" content=\"image\/png\" \/>\n<meta name=\"twitter:card\" content=\"summary_large_image\" \/>\n<meta name=\"twitter:label1\" content=\"Est. reading time\" \/>\n\t<meta name=\"twitter:data1\" content=\"3 minutes\" \/>\n<script type=\"application\/ld+json\" class=\"yoast-schema-graph\">{\"@context\":\"https:\/\/schema.org\",\"@graph\":[{\"@type\":\"WebPage\",\"@id\":\"https:\/\/www.dapper-store.com\/en\/izdelek\/cotar-vitovska-2020-natural\/\",\"url\":\"https:\/\/www.dapper-store.com\/en\/izdelek\/cotar-vitovska-2020-natural\/\",\"name\":\"\u010cotar vitovska 2020 natural\",\"isPartOf\":{\"@id\":\"https:\/\/www.dapper-store.com\/en\/#website\"},\"datePublished\":\"2022-11-16T14:21:11+00:00\",\"dateModified\":\"2024-04-17T11:21:20+00:00\",\"description\":\"\u010cotar Vitovska 2020 is a superb natural wine with a golden yellow colour and a nose of delicate dried apricot, peach, lime peel and wet karst stone.\",\"breadcrumb\":{\"@id\":\"https:\/\/www.dapper-store.com\/en\/izdelek\/cotar-vitovska-2020-natural\/#breadcrumb\"},\"inLanguage\":\"en-US\",\"potentialAction\":[{\"@type\":\"ReadAction\",\"target\":[\"https:\/\/www.dapper-store.com\/en\/izdelek\/cotar-vitovska-2020-natural\/\"]}]},{\"@type\":\"BreadcrumbList\",\"@id\":\"https:\/\/www.dapper-store.com\/en\/izdelek\/cotar-vitovska-2020-natural\/#breadcrumb\",\"itemListElement\":[{\"@type\":\"ListItem\",\"position\":1,\"name\":\"Home\",\"item\":\"https:\/\/www.dapper-store.com\/en\/home\/\"},{\"@type\":\"ListItem\",\"position\":2,\"name\":\"Products\",\"item\":\"https:\/\/www.dapper-store.com\/en\/shop\/\"},{\"@type\":\"ListItem\",\"position\":3,\"name\":\"\u010cotar, Vitovska, 2020\"}]},{\"@type\":\"WebSite\",\"@id\":\"https:\/\/www.dapper-store.com\/en\/#website\",\"url\":\"https:\/\/www.dapper-store.com\/en\/\",\"name\":\"Dapper store\",\"description\":\"Trgovina za vse ljubitelje izdelkov vrhunske kakovosti.\",\"publisher\":{\"@id\":\"https:\/\/www.dapper-store.com\/en\/#organization\"},\"potentialAction\":[{\"@type\":\"SearchAction\",\"target\":{\"@type\":\"EntryPoint\",\"urlTemplate\":\"https:\/\/www.dapper-store.com\/en\/?s={search_term_string}\"},\"query-input\":\"required name=search_term_string\"}],\"inLanguage\":\"en-US\"},{\"@type\":\"Organization\",\"@id\":\"https:\/\/www.dapper-store.com\/en\/#organization\",\"name\":\"Dapper d.o.o.\",\"url\":\"https:\/\/www.dapper-store.com\/en\/\",\"logo\":{\"@type\":\"ImageObject\",\"inLanguage\":\"en-US\",\"@id\":\"https:\/\/www.dapper-store.com\/en\/#\/schema\/logo\/image\/\",\"url\":\"https:\/\/www.dapper-store.com\/wp-content\/uploads\/2022\/11\/DAPPER..png\",\"contentUrl\":\"https:\/\/www.dapper-store.com\/wp-content\/uploads\/2022\/11\/DAPPER..png\",\"width\":1500,\"height\":450,\"caption\":\"Dapper d.o.o.\"},\"image\":{\"@id\":\"https:\/\/www.dapper-store.com\/en\/#\/schema\/logo\/image\/\"},\"sameAs\":[\"https:\/\/www.facebook.com\/dapperattitude\",\"https:\/\/www.instagram.com\/dapper_ljubljana\/\"]}]}<\/script>\n<!-- \/ Yoast SEO Premium plugin. -->","yoast_head_json":{"title":"\u010cotar vitovska 2020 natural","description":"\u010cotar Vitovska 2020 is a superb natural wine with a golden yellow colour and a nose of delicate dried apricot, peach, lime peel and wet karst stone.","robots":{"index":"index","follow":"follow","max-snippet":"max-snippet:-1","max-image-preview":"max-image-preview:large","max-video-preview":"max-video-preview:-1"},"canonical":"https:\/\/www.dapper-store.com\/en\/izdelek\/cotar-vitovska-2020-natural\/","og_locale":"en_US","og_type":"article","og_title":"\u010cotar, Vitovska, 2020","og_description":"\u010cotar Vitovska 2020 is a superb natural wine with a golden yellow colour and a nose of delicate dried apricot, peach, lime peel and wet karst stone.","og_url":"https:\/\/www.dapper-store.com\/en\/izdelek\/cotar-vitovska-2020-natural\/","og_site_name":"Dapper store","article_publisher":"https:\/\/www.facebook.com\/dapperattitude","article_modified_time":"2024-04-17T11:21:20+00:00","og_image":[{"width":1004,"height":1004,"url":"https:\/\/www.dapper-store.com\/wp-content\/uploads\/2022\/11\/vitovska_cotar.png","type":"image\/png"}],"twitter_card":"summary_large_image","twitter_misc":{"Est. reading time":"3 minutes"},"schema":{"@context":"https:\/\/schema.org","@graph":[{"@type":"WebPage","@id":"https:\/\/www.dapper-store.com\/en\/izdelek\/cotar-vitovska-2020-natural\/","url":"https:\/\/www.dapper-store.com\/en\/izdelek\/cotar-vitovska-2020-natural\/","name":"\u010cotar vitovska 2020 natural","isPartOf":{"@id":"https:\/\/www.dapper-store.com\/en\/#website"},"datePublished":"2022-11-16T14:21:11+00:00","dateModified":"2024-04-17T11:21:20+00:00","description":"\u010cotar Vitovska 2020 is a superb natural wine with a golden yellow colour and a nose of delicate dried apricot, peach, lime peel and wet karst stone.","breadcrumb":{"@id":"https:\/\/www.dapper-store.com\/en\/izdelek\/cotar-vitovska-2020-natural\/#breadcrumb"},"inLanguage":"en-US","potentialAction":[{"@type":"ReadAction","target":["https:\/\/www.dapper-store.com\/en\/izdelek\/cotar-vitovska-2020-natural\/"]}]},{"@type":"BreadcrumbList","@id":"https:\/\/www.dapper-store.com\/en\/izdelek\/cotar-vitovska-2020-natural\/#breadcrumb","itemListElement":[{"@type":"ListItem","position":1,"name":"Home","item":"https:\/\/www.dapper-store.com\/en\/home\/"},{"@type":"ListItem","position":2,"name":"Products","item":"https:\/\/www.dapper-store.com\/en\/shop\/"},{"@type":"ListItem","position":3,"name":"\u010cotar, Vitovska, 2020"}]},{"@type":"WebSite","@id":"https:\/\/www.dapper-store.com\/en\/#website","url":"https:\/\/www.dapper-store.com\/en\/","name":"Dapper store","description":"Trgovina za vse ljubitelje izdelkov vrhunske kakovosti.","publisher":{"@id":"https:\/\/www.dapper-store.com\/en\/#organization"},"potentialAction":[{"@type":"SearchAction","target":{"@type":"EntryPoint","urlTemplate":"https:\/\/www.dapper-store.com\/en\/?s={search_term_string}"},"query-input":"required name=search_term_string"}],"inLanguage":"en-US"},{"@type":"Organization","@id":"https:\/\/www.dapper-store.com\/en\/#organization","name":"Dapper d.o.o.","url":"https:\/\/www.dapper-store.com\/en\/","logo":{"@type":"ImageObject","inLanguage":"en-US","@id":"https:\/\/www.dapper-store.com\/en\/#\/schema\/logo\/image\/","url":"https:\/\/www.dapper-store.com\/wp-content\/uploads\/2022\/11\/DAPPER..png","contentUrl":"https:\/\/www.dapper-store.com\/wp-content\/uploads\/2022\/11\/DAPPER..png","width":1500,"height":450,"caption":"Dapper d.o.o."},"image":{"@id":"https:\/\/www.dapper-store.com\/en\/#\/schema\/logo\/image\/"},"sameAs":["https:\/\/www.facebook.com\/dapperattitude","https:\/\/www.instagram.com\/dapper_ljubljana\/"]}]}},"_links":{"self":[{"href":"https:\/\/www.dapper-store.com\/en\/wp-json\/wp\/v2\/product\/3107","targetHints":{"allow":["GET"]}}],"collection":[{"href":"https:\/\/www.dapper-store.com\/en\/wp-json\/wp\/v2\/product"}],"about":[{"href":"https:\/\/www.dapper-store.com\/en\/wp-json\/wp\/v2\/types\/product"}],"replies":[{"embeddable":true,"href":"https:\/\/www.dapper-store.com\/en\/wp-json\/wp\/v2\/comments?post=3107"}],"wp:featuredmedia":[{"embeddable":true,"href":"https:\/\/www.dapper-store.com\/en\/wp-json\/wp\/v2\/media\/2628"}],"wp:attachment":[{"href":"https:\/\/www.dapper-store.com\/en\/wp-json\/wp\/v2\/media?parent=3107"}],"wp:term":[{"taxonomy":"product_cat","embeddable":true,"href":"https:\/\/www.dapper-store.com\/en\/wp-json\/wp\/v2\/product_cat?post=3107"},{"taxonomy":"product_tag","embeddable":true,"href":"https:\/\/www.dapper-store.com\/en\/wp-json\/wp\/v2\/product_tag?post=3107"}],"curies":[{"name":"wp","href":"https:\/\/api.w.org\/{rel}","templated":true}]}}