{"id":3096,"date":"2022-11-16T14:21:11","date_gmt":"2022-11-16T14:21:11","guid":{"rendered":"https:\/\/www.dapper-store.com\/izdelek\/butul-no-name-no-face-refosk-2018\/"},"modified":"2023-09-25T10:39:07","modified_gmt":"2023-09-25T10:39:07","slug":"butul-refosk-2018-red","status":"publish","type":"product","link":"https:\/\/www.dapper-store.com\/en\/izdelek\/butul-refosk-2018-red\/","title":{"rendered":"Butul, No name &#8211; No face, refo\u0161k, 2018"},"content":{"rendered":"<p class=\"\"><span style=\"color: #000000;\">Butul No name &#8211; No face 2018 is an intense red-purple coloured Refo\u0161k (Refosco). On the nose we get a mix of blueberries, blackberries, prunes, black pepper, liquorice. The nose suggests that this is a serious example of Refo\u0161k. On the palate, the wine is quite viscous, buttery. There are pleasant tannins and relatively high acidity with the fruit palette mentioned earlier. Some spiciness is present. The aftertaste is full, complex and very long, as befits a wine of this type. A red that you can already enjoy and will only get better as the years go by.<\/span><\/p>\n<p>&nbsp;<\/p>\n<h5>Butul estate<\/h5>\n<p style=\"font-weight: 400;\">Butul estate is located in the village of Man\u017ean, where the vineyard of the Malvazija overlooks the bay of Koper and the Julian Alps. Tatjana has lived in Man\u017ean since birth, while Mitja moved from Se\u017eana to the Slovenian coast 40 years ago. In Man\u017ean, Tatjana and Mitja built an open house among the Malvazija vineyards, which was also tended by Tatjana&#8217;s grandfather.<\/p>\n<p style=\"font-weight: 400;\">For almost three decades, they have been building a wonderful story here, one could say of international proportions. Their son \u010crt is, as his father says, the fifth generation to carry on the tradition of viticulture and winemaking on this small but diverse estate. \u010crt is better known to the Slovenian and wider public as an innovative chef who was trained in many excellent gastronomic institutions in Slovenia and abroad. Nono Renato (Tatiana&#8217;s father), despite his enviable age, is still an inexhaustible source of useful information and experience in vineyards and winery work.<\/p>\n<p>&nbsp;<\/p>\n<h5>Vineyards<\/h5>\n<p style=\"font-weight: 400;\">The farm currently has between four and five hectares of land, of which one and a half hectares are vineyards. The vines are between 30 and 50 years old with new plots being planted. The main varieties are, of course, Malvazija and Refo\u0161k (Refosko). They also work with old varieties such as Malo\u010drn, Kanarjola, Istrian Muscat, Cipro and even Glera. They build on the family&#8217;s traditional knowledge and experience by networking and cooperating with winemakers of similar philosophy in Slovenia and abroad.<\/p>\n<p>&nbsp;<\/p>\n<h5>Vinification<\/h5>\n<p>Fermentations take place spontaneously. White and red varieties macerate for different lengths of time. After maturing in used barrels of various sizes, the wine is transferred to inox tanks and then bottled with a minimum addition of sulphites.<\/p>\n","protected":false},"excerpt":{"rendered":"<p class=\"\"><span style=\"color: #000000;\">The colour is deep red-purple. On the nose we get a mix of blueberries, blackberries, prunes, black pepper, liquorice. The smell suggests that this is a serious example of refosco. On the palate, the wine is quite viscous, buttery. There are pleasant tannins and relatively high acidity and the fruit palette mentioned earlier. There is some spiciness. The aftertaste is full, complex and very long, as befits a wine of this type. <\/span><\/p>\n","protected":false},"featured_media":2627,"comment_status":"open","ping_status":"closed","template":"","meta":[],"product_cat":[637,500,499,546,505],"product_tag":[642,644,617,616],"class_list":["post-3096","product","type-product","status-publish","has-post-thumbnail","hentry","product_cat-butul-en","product_cat-country","product_cat-natural-wines","product_cat-slovenia","product_cat-winegrower","product_tag-butul-en","product_tag-homestead-butul","product_tag-refosk-en","product_tag-slovenian-istria"],"acf":[],"yoast_head":"<!-- This site is optimized with the Yoast SEO Premium plugin v21.0 (Yoast SEO v21.0) - https:\/\/yoast.com\/wordpress\/plugins\/seo\/ -->\n<title>butul refo\u0161k 2018 red<\/title>\n<meta name=\"description\" content=\"Butul No name - No face 2018 is an intense red-purple coloured refo\u0161k. A red that you can already enjoy, and that will only get better as the years go by.\" \/>\n<meta name=\"robots\" content=\"index, follow, max-snippet:-1, max-image-preview:large, max-video-preview:-1\" \/>\n<link rel=\"canonical\" href=\"https:\/\/www.dapper-store.com\/en\/izdelek\/butul-refosk-2018-red\/\" \/>\n<meta property=\"og:locale\" content=\"en_US\" \/>\n<meta property=\"og:type\" content=\"article\" \/>\n<meta property=\"og:title\" content=\"Butul, No name - No face, refo\u0161k, 2018\" \/>\n<meta property=\"og:description\" content=\"Butul No name - No face 2018 is an intense red-purple coloured refo\u0161k. A red that you can already enjoy, and that will only get better as the years go by.\" \/>\n<meta property=\"og:url\" content=\"https:\/\/www.dapper-store.com\/en\/izdelek\/butul-refosk-2018-red\/\" \/>\n<meta property=\"og:site_name\" content=\"Dapper store\" \/>\n<meta property=\"article:publisher\" content=\"https:\/\/www.facebook.com\/dapperattitude\" \/>\n<meta property=\"article:modified_time\" content=\"2023-09-25T10:39:07+00:00\" \/>\n<meta property=\"og:image\" content=\"https:\/\/www.dapper-store.com\/wp-content\/uploads\/2022\/11\/butul.png\" \/>\n\t<meta property=\"og:image:width\" content=\"1000\" \/>\n\t<meta property=\"og:image:height\" content=\"1000\" \/>\n\t<meta property=\"og:image:type\" content=\"image\/png\" \/>\n<meta name=\"twitter:card\" content=\"summary_large_image\" \/>\n<meta name=\"twitter:label1\" content=\"Est. reading time\" \/>\n\t<meta name=\"twitter:data1\" content=\"3 minutes\" \/>\n<script type=\"application\/ld+json\" class=\"yoast-schema-graph\">{\"@context\":\"https:\/\/schema.org\",\"@graph\":[{\"@type\":\"WebPage\",\"@id\":\"https:\/\/www.dapper-store.com\/en\/izdelek\/butul-refosk-2018-red\/\",\"url\":\"https:\/\/www.dapper-store.com\/en\/izdelek\/butul-refosk-2018-red\/\",\"name\":\"butul refo\u0161k 2018 red\",\"isPartOf\":{\"@id\":\"https:\/\/www.dapper-store.com\/en\/#website\"},\"datePublished\":\"2022-11-16T14:21:11+00:00\",\"dateModified\":\"2023-09-25T10:39:07+00:00\",\"description\":\"Butul No name - No face 2018 is an intense red-purple coloured refo\u0161k. A red that you can already enjoy, and that will only get better as the years go by.\",\"breadcrumb\":{\"@id\":\"https:\/\/www.dapper-store.com\/en\/izdelek\/butul-refosk-2018-red\/#breadcrumb\"},\"inLanguage\":\"en-US\",\"potentialAction\":[{\"@type\":\"ReadAction\",\"target\":[\"https:\/\/www.dapper-store.com\/en\/izdelek\/butul-refosk-2018-red\/\"]}]},{\"@type\":\"BreadcrumbList\",\"@id\":\"https:\/\/www.dapper-store.com\/en\/izdelek\/butul-refosk-2018-red\/#breadcrumb\",\"itemListElement\":[{\"@type\":\"ListItem\",\"position\":1,\"name\":\"Home\",\"item\":\"https:\/\/www.dapper-store.com\/en\/home\/\"},{\"@type\":\"ListItem\",\"position\":2,\"name\":\"Products\",\"item\":\"https:\/\/www.dapper-store.com\/en\/shop\/\"},{\"@type\":\"ListItem\",\"position\":3,\"name\":\"Butul, No name &#8211; No face, refo\u0161k, 2018\"}]},{\"@type\":\"WebSite\",\"@id\":\"https:\/\/www.dapper-store.com\/en\/#website\",\"url\":\"https:\/\/www.dapper-store.com\/en\/\",\"name\":\"Dapper store\",\"description\":\"Trgovina za vse ljubitelje izdelkov vrhunske kakovosti.\",\"publisher\":{\"@id\":\"https:\/\/www.dapper-store.com\/en\/#organization\"},\"potentialAction\":[{\"@type\":\"SearchAction\",\"target\":{\"@type\":\"EntryPoint\",\"urlTemplate\":\"https:\/\/www.dapper-store.com\/en\/?s={search_term_string}\"},\"query-input\":\"required name=search_term_string\"}],\"inLanguage\":\"en-US\"},{\"@type\":\"Organization\",\"@id\":\"https:\/\/www.dapper-store.com\/en\/#organization\",\"name\":\"Dapper d.o.o.\",\"url\":\"https:\/\/www.dapper-store.com\/en\/\",\"logo\":{\"@type\":\"ImageObject\",\"inLanguage\":\"en-US\",\"@id\":\"https:\/\/www.dapper-store.com\/en\/#\/schema\/logo\/image\/\",\"url\":\"https:\/\/www.dapper-store.com\/wp-content\/uploads\/2022\/11\/DAPPER..png\",\"contentUrl\":\"https:\/\/www.dapper-store.com\/wp-content\/uploads\/2022\/11\/DAPPER..png\",\"width\":1500,\"height\":450,\"caption\":\"Dapper d.o.o.\"},\"image\":{\"@id\":\"https:\/\/www.dapper-store.com\/en\/#\/schema\/logo\/image\/\"},\"sameAs\":[\"https:\/\/www.facebook.com\/dapperattitude\",\"https:\/\/www.instagram.com\/dapper_ljubljana\/\"]}]}<\/script>\n<!-- \/ Yoast SEO Premium plugin. -->","yoast_head_json":{"title":"butul refo\u0161k 2018 red","description":"Butul No name - No face 2018 is an intense red-purple coloured refo\u0161k. A red that you can already enjoy, and that will only get better as the years go by.","robots":{"index":"index","follow":"follow","max-snippet":"max-snippet:-1","max-image-preview":"max-image-preview:large","max-video-preview":"max-video-preview:-1"},"canonical":"https:\/\/www.dapper-store.com\/en\/izdelek\/butul-refosk-2018-red\/","og_locale":"en_US","og_type":"article","og_title":"Butul, No name - No face, refo\u0161k, 2018","og_description":"Butul No name - No face 2018 is an intense red-purple coloured refo\u0161k. A red that you can already enjoy, and that will only get better as the years go by.","og_url":"https:\/\/www.dapper-store.com\/en\/izdelek\/butul-refosk-2018-red\/","og_site_name":"Dapper store","article_publisher":"https:\/\/www.facebook.com\/dapperattitude","article_modified_time":"2023-09-25T10:39:07+00:00","og_image":[{"width":1000,"height":1000,"url":"https:\/\/www.dapper-store.com\/wp-content\/uploads\/2022\/11\/butul.png","type":"image\/png"}],"twitter_card":"summary_large_image","twitter_misc":{"Est. reading time":"3 minutes"},"schema":{"@context":"https:\/\/schema.org","@graph":[{"@type":"WebPage","@id":"https:\/\/www.dapper-store.com\/en\/izdelek\/butul-refosk-2018-red\/","url":"https:\/\/www.dapper-store.com\/en\/izdelek\/butul-refosk-2018-red\/","name":"butul refo\u0161k 2018 red","isPartOf":{"@id":"https:\/\/www.dapper-store.com\/en\/#website"},"datePublished":"2022-11-16T14:21:11+00:00","dateModified":"2023-09-25T10:39:07+00:00","description":"Butul No name - No face 2018 is an intense red-purple coloured refo\u0161k. A red that you can already enjoy, and that will only get better as the years go by.","breadcrumb":{"@id":"https:\/\/www.dapper-store.com\/en\/izdelek\/butul-refosk-2018-red\/#breadcrumb"},"inLanguage":"en-US","potentialAction":[{"@type":"ReadAction","target":["https:\/\/www.dapper-store.com\/en\/izdelek\/butul-refosk-2018-red\/"]}]},{"@type":"BreadcrumbList","@id":"https:\/\/www.dapper-store.com\/en\/izdelek\/butul-refosk-2018-red\/#breadcrumb","itemListElement":[{"@type":"ListItem","position":1,"name":"Home","item":"https:\/\/www.dapper-store.com\/en\/home\/"},{"@type":"ListItem","position":2,"name":"Products","item":"https:\/\/www.dapper-store.com\/en\/shop\/"},{"@type":"ListItem","position":3,"name":"Butul, No name &#8211; No face, refo\u0161k, 2018"}]},{"@type":"WebSite","@id":"https:\/\/www.dapper-store.com\/en\/#website","url":"https:\/\/www.dapper-store.com\/en\/","name":"Dapper store","description":"Trgovina za vse ljubitelje izdelkov vrhunske kakovosti.","publisher":{"@id":"https:\/\/www.dapper-store.com\/en\/#organization"},"potentialAction":[{"@type":"SearchAction","target":{"@type":"EntryPoint","urlTemplate":"https:\/\/www.dapper-store.com\/en\/?s={search_term_string}"},"query-input":"required name=search_term_string"}],"inLanguage":"en-US"},{"@type":"Organization","@id":"https:\/\/www.dapper-store.com\/en\/#organization","name":"Dapper d.o.o.","url":"https:\/\/www.dapper-store.com\/en\/","logo":{"@type":"ImageObject","inLanguage":"en-US","@id":"https:\/\/www.dapper-store.com\/en\/#\/schema\/logo\/image\/","url":"https:\/\/www.dapper-store.com\/wp-content\/uploads\/2022\/11\/DAPPER..png","contentUrl":"https:\/\/www.dapper-store.com\/wp-content\/uploads\/2022\/11\/DAPPER..png","width":1500,"height":450,"caption":"Dapper d.o.o."},"image":{"@id":"https:\/\/www.dapper-store.com\/en\/#\/schema\/logo\/image\/"},"sameAs":["https:\/\/www.facebook.com\/dapperattitude","https:\/\/www.instagram.com\/dapper_ljubljana\/"]}]}},"_links":{"self":[{"href":"https:\/\/www.dapper-store.com\/en\/wp-json\/wp\/v2\/product\/3096","targetHints":{"allow":["GET"]}}],"collection":[{"href":"https:\/\/www.dapper-store.com\/en\/wp-json\/wp\/v2\/product"}],"about":[{"href":"https:\/\/www.dapper-store.com\/en\/wp-json\/wp\/v2\/types\/product"}],"replies":[{"embeddable":true,"href":"https:\/\/www.dapper-store.com\/en\/wp-json\/wp\/v2\/comments?post=3096"}],"wp:featuredmedia":[{"embeddable":true,"href":"https:\/\/www.dapper-store.com\/en\/wp-json\/wp\/v2\/media\/2627"}],"wp:attachment":[{"href":"https:\/\/www.dapper-store.com\/en\/wp-json\/wp\/v2\/media?parent=3096"}],"wp:term":[{"taxonomy":"product_cat","embeddable":true,"href":"https:\/\/www.dapper-store.com\/en\/wp-json\/wp\/v2\/product_cat?post=3096"},{"taxonomy":"product_tag","embeddable":true,"href":"https:\/\/www.dapper-store.com\/en\/wp-json\/wp\/v2\/product_tag?post=3096"}],"curies":[{"name":"wp","href":"https:\/\/api.w.org\/{rel}","templated":true}]}}