{"id":3082,"date":"2022-11-16T14:21:12","date_gmt":"2022-11-16T14:21:12","guid":{"rendered":"https:\/\/www.dapper-store.com\/izdelek\/cotar-terra-rossa-2011\/"},"modified":"2023-09-25T11:35:48","modified_gmt":"2023-09-25T11:35:48","slug":"cotar-terra-rossa-2011","status":"publish","type":"product","link":"https:\/\/www.dapper-store.com\/en\/izdelek\/cotar-terra-rossa-2011\/","title":{"rendered":"\u010cotar, Terra Rossa, 2011"},"content":{"rendered":"<p class=\"\"><span style=\"color: #000000;\">The 2011 \u010cotar Terra Rossa is an incredible red wine with a deep ruby colour. On the nose we get a mix of ripe and dried plums, blueberries, blackberries, forest undergrowth, tobacco&#8230; On the palate, we taste a balanced combination of the above mentioned fruits, joined by blackcurrant and &#8211; especially on the long finish &#8211; dark chocolate. There are some earthy notes and a gentle spiciness. A great Karst red!<\/span><\/p>\n<p>&nbsp;<\/p>\n<div>\n<h5>Branko and Vasja \u010cotar<\/h5>\n<p><span lang=\"EN-US\">The \u010cotars produced their first wines in 1974, at that time exclusively for the family restaurant. Vasja and Branko were also one of the pioneers of maceration of white varieties in Slovenia. Their work in the vineyards and wineries could be described as a constant evolution, an approach backed by years of experience and constantly refined by small improvements. The work in the vineyards is organic and the work in the cellar is minimalist, i.e. without unnecessary interventions. Despite the fact that Chotar&#8217;s wines are not usually added sulphur, both red and white wines retain an almost unbelievable freshness and youthfulness for many years, even decades.<\/span><\/p>\n<h5>Farm and cellar<\/h5>\n<p>The \u010cotar family farm with vineyards, a cellar and a house is located <a href=\"https:\/\/cotar.si\/kontakt\/\">in the west of the Karst region in Gorjansko<\/a>, just 5 km from the sea. Despite the family tradition, the current farm was created from scratch. It was 40 years ago, in 1974 to be precise, that they built the first part of the cellar, dug into the living rock, and produced their first wines, Teran and Kra\u0161ko Belo, for their own tavern. The first wines, the 1988 vintage, were bottled for sale in 1990. The second part of the cellar was built the year before, and the rest of the cellar was added in 2002.<\/p>\n<h4>Vineyards<\/h4>\n<p>\u010cotar is an organic farm where the vineyards are farmed in a nature-friendly way. The vineyards cover Pe\u010dina, Olarija, Dra\u017ena, Dusce, Polje, Kot, Ivanji grad, a total of 7.5 ha. Planting a vineyard in this part of the Karst means deforestation, loosening of rocky terrain and the introduction of soil.<\/p>\n<h4>Varieties<\/h4>\n<p class=\"NO-pad-mar\">Teran, Cabernet Sauvignon, Merlot, Malvasia, Sauvignon, Vito.<\/p>\n<ul>\n<li>50 % red, 50 % white varieties<\/li>\n<li>6000 vines per hectare<\/li>\n<li>Single guyot<\/li>\n<li>Low vine load (3500 to 4000 kg\/ha)<\/li>\n<li>Harvesting in late autumn &#8211; when the grapes reach phenolic ripeness<\/li>\n<\/ul>\n<\/div>\n","protected":false},"excerpt":{"rendered":"<p class=\"\"><span style=\"color: #000000;\">The colour is dark ruby. On the nose we get a mix of ripe and dried plums, blueberries, blackberries, forest undergrowth, tobacco&#8230; On the palate, we taste a balanced interplay of the above fruits, joined by blackcurrant and &#8211; especially on the long finish &#8211; dark chocolate. There are some earthy notes and a gentle spiciness. A great karst red!<\/span><\/p>\n","protected":false},"featured_media":2631,"comment_status":"open","ping_status":"closed","template":"","meta":[],"product_cat":[597,588,500,574,499,531,546,621,502,505],"product_tag":[599,866,589,575,592,622],"class_list":["post-3082","product","type-product","status-publish","has-post-thumbnail","hentry","product_cat-cabernet-sauvignon-en","product_cat-cotar","product_cat-country","product_cat-merlot-en","product_cat-natural-wines","product_cat-red","product_cat-slovenia","product_cat-teran-en","product_cat-wine-colour","product_cat-winegrower","product_tag-cabernet-sauvignon-en","product_tag-cotar-en","product_tag-karst","product_tag-merlot-en","product_tag-teran-en","product_tag-terra-rossa-en"],"acf":[],"yoast_head":"<!-- This site is optimized with the Yoast SEO Premium plugin v21.0 (Yoast SEO v21.0) - https:\/\/yoast.com\/wordpress\/plugins\/seo\/ -->\n<title>\u010cotar Terra Rossa 2011<\/title>\n<meta name=\"description\" content=\"The 2011 \u010cotar Terra Rossa is an incredible wine with a deep ruby colour. Ripe \/ dried plums, blueberries, blackberries, blackcurrants, forest floor...\" \/>\n<meta name=\"robots\" content=\"index, follow, max-snippet:-1, max-image-preview:large, max-video-preview:-1\" \/>\n<link rel=\"canonical\" href=\"https:\/\/www.dapper-store.com\/en\/izdelek\/cotar-terra-rossa-2011\/\" \/>\n<meta property=\"og:locale\" content=\"en_US\" \/>\n<meta property=\"og:type\" content=\"article\" \/>\n<meta property=\"og:title\" content=\"\u010cotar, Terra Rossa, 2011\" \/>\n<meta property=\"og:description\" content=\"The 2011 \u010cotar Terra Rossa is an incredible wine with a deep ruby colour. Ripe \/ dried plums, blueberries, blackberries, blackcurrants, forest floor...\" \/>\n<meta property=\"og:url\" content=\"https:\/\/www.dapper-store.com\/en\/izdelek\/cotar-terra-rossa-2011\/\" \/>\n<meta property=\"og:site_name\" content=\"Dapper store\" \/>\n<meta property=\"article:publisher\" content=\"https:\/\/www.facebook.com\/dapperattitude\" \/>\n<meta property=\"article:modified_time\" content=\"2023-09-25T11:35:48+00:00\" \/>\n<meta property=\"og:image\" content=\"https:\/\/www.dapper-store.com\/wp-content\/uploads\/2022\/11\/terra_rossa_cotar.jpg\" \/>\n\t<meta property=\"og:image:width\" content=\"756\" \/>\n\t<meta property=\"og:image:height\" content=\"756\" \/>\n\t<meta property=\"og:image:type\" content=\"image\/jpeg\" \/>\n<meta name=\"twitter:card\" content=\"summary_large_image\" \/>\n<meta name=\"twitter:label1\" content=\"Est. reading time\" \/>\n\t<meta name=\"twitter:data1\" content=\"3 minutes\" \/>\n<script type=\"application\/ld+json\" class=\"yoast-schema-graph\">{\"@context\":\"https:\/\/schema.org\",\"@graph\":[{\"@type\":\"WebPage\",\"@id\":\"https:\/\/www.dapper-store.com\/en\/izdelek\/cotar-terra-rossa-2011\/\",\"url\":\"https:\/\/www.dapper-store.com\/en\/izdelek\/cotar-terra-rossa-2011\/\",\"name\":\"\u010cotar Terra Rossa 2011\",\"isPartOf\":{\"@id\":\"https:\/\/www.dapper-store.com\/en\/#website\"},\"datePublished\":\"2022-11-16T14:21:12+00:00\",\"dateModified\":\"2023-09-25T11:35:48+00:00\",\"description\":\"The 2011 \u010cotar Terra Rossa is an incredible wine with a deep ruby colour. Ripe \/ dried plums, blueberries, blackberries, blackcurrants, forest floor...\",\"breadcrumb\":{\"@id\":\"https:\/\/www.dapper-store.com\/en\/izdelek\/cotar-terra-rossa-2011\/#breadcrumb\"},\"inLanguage\":\"en-US\",\"potentialAction\":[{\"@type\":\"ReadAction\",\"target\":[\"https:\/\/www.dapper-store.com\/en\/izdelek\/cotar-terra-rossa-2011\/\"]}]},{\"@type\":\"BreadcrumbList\",\"@id\":\"https:\/\/www.dapper-store.com\/en\/izdelek\/cotar-terra-rossa-2011\/#breadcrumb\",\"itemListElement\":[{\"@type\":\"ListItem\",\"position\":1,\"name\":\"Home\",\"item\":\"https:\/\/www.dapper-store.com\/en\/home\/\"},{\"@type\":\"ListItem\",\"position\":2,\"name\":\"Products\",\"item\":\"https:\/\/www.dapper-store.com\/en\/shop\/\"},{\"@type\":\"ListItem\",\"position\":3,\"name\":\"\u010cotar, Terra Rossa, 2011\"}]},{\"@type\":\"WebSite\",\"@id\":\"https:\/\/www.dapper-store.com\/en\/#website\",\"url\":\"https:\/\/www.dapper-store.com\/en\/\",\"name\":\"Dapper store\",\"description\":\"Trgovina za vse ljubitelje izdelkov vrhunske kakovosti.\",\"publisher\":{\"@id\":\"https:\/\/www.dapper-store.com\/en\/#organization\"},\"potentialAction\":[{\"@type\":\"SearchAction\",\"target\":{\"@type\":\"EntryPoint\",\"urlTemplate\":\"https:\/\/www.dapper-store.com\/en\/?s={search_term_string}\"},\"query-input\":\"required name=search_term_string\"}],\"inLanguage\":\"en-US\"},{\"@type\":\"Organization\",\"@id\":\"https:\/\/www.dapper-store.com\/en\/#organization\",\"name\":\"Dapper d.o.o.\",\"url\":\"https:\/\/www.dapper-store.com\/en\/\",\"logo\":{\"@type\":\"ImageObject\",\"inLanguage\":\"en-US\",\"@id\":\"https:\/\/www.dapper-store.com\/en\/#\/schema\/logo\/image\/\",\"url\":\"https:\/\/www.dapper-store.com\/wp-content\/uploads\/2022\/11\/DAPPER..png\",\"contentUrl\":\"https:\/\/www.dapper-store.com\/wp-content\/uploads\/2022\/11\/DAPPER..png\",\"width\":1500,\"height\":450,\"caption\":\"Dapper d.o.o.\"},\"image\":{\"@id\":\"https:\/\/www.dapper-store.com\/en\/#\/schema\/logo\/image\/\"},\"sameAs\":[\"https:\/\/www.facebook.com\/dapperattitude\",\"https:\/\/www.instagram.com\/dapper_ljubljana\/\"]}]}<\/script>\n<!-- \/ Yoast SEO Premium plugin. -->","yoast_head_json":{"title":"\u010cotar Terra Rossa 2011","description":"The 2011 \u010cotar Terra Rossa is an incredible wine with a deep ruby colour. Ripe \/ dried plums, blueberries, blackberries, blackcurrants, forest floor...","robots":{"index":"index","follow":"follow","max-snippet":"max-snippet:-1","max-image-preview":"max-image-preview:large","max-video-preview":"max-video-preview:-1"},"canonical":"https:\/\/www.dapper-store.com\/en\/izdelek\/cotar-terra-rossa-2011\/","og_locale":"en_US","og_type":"article","og_title":"\u010cotar, Terra Rossa, 2011","og_description":"The 2011 \u010cotar Terra Rossa is an incredible wine with a deep ruby colour. Ripe \/ dried plums, blueberries, blackberries, blackcurrants, forest floor...","og_url":"https:\/\/www.dapper-store.com\/en\/izdelek\/cotar-terra-rossa-2011\/","og_site_name":"Dapper store","article_publisher":"https:\/\/www.facebook.com\/dapperattitude","article_modified_time":"2023-09-25T11:35:48+00:00","og_image":[{"width":756,"height":756,"url":"https:\/\/www.dapper-store.com\/wp-content\/uploads\/2022\/11\/terra_rossa_cotar.jpg","type":"image\/jpeg"}],"twitter_card":"summary_large_image","twitter_misc":{"Est. reading time":"3 minutes"},"schema":{"@context":"https:\/\/schema.org","@graph":[{"@type":"WebPage","@id":"https:\/\/www.dapper-store.com\/en\/izdelek\/cotar-terra-rossa-2011\/","url":"https:\/\/www.dapper-store.com\/en\/izdelek\/cotar-terra-rossa-2011\/","name":"\u010cotar Terra Rossa 2011","isPartOf":{"@id":"https:\/\/www.dapper-store.com\/en\/#website"},"datePublished":"2022-11-16T14:21:12+00:00","dateModified":"2023-09-25T11:35:48+00:00","description":"The 2011 \u010cotar Terra Rossa is an incredible wine with a deep ruby colour. Ripe \/ dried plums, blueberries, blackberries, blackcurrants, forest floor...","breadcrumb":{"@id":"https:\/\/www.dapper-store.com\/en\/izdelek\/cotar-terra-rossa-2011\/#breadcrumb"},"inLanguage":"en-US","potentialAction":[{"@type":"ReadAction","target":["https:\/\/www.dapper-store.com\/en\/izdelek\/cotar-terra-rossa-2011\/"]}]},{"@type":"BreadcrumbList","@id":"https:\/\/www.dapper-store.com\/en\/izdelek\/cotar-terra-rossa-2011\/#breadcrumb","itemListElement":[{"@type":"ListItem","position":1,"name":"Home","item":"https:\/\/www.dapper-store.com\/en\/home\/"},{"@type":"ListItem","position":2,"name":"Products","item":"https:\/\/www.dapper-store.com\/en\/shop\/"},{"@type":"ListItem","position":3,"name":"\u010cotar, Terra Rossa, 2011"}]},{"@type":"WebSite","@id":"https:\/\/www.dapper-store.com\/en\/#website","url":"https:\/\/www.dapper-store.com\/en\/","name":"Dapper store","description":"Trgovina za vse ljubitelje izdelkov vrhunske kakovosti.","publisher":{"@id":"https:\/\/www.dapper-store.com\/en\/#organization"},"potentialAction":[{"@type":"SearchAction","target":{"@type":"EntryPoint","urlTemplate":"https:\/\/www.dapper-store.com\/en\/?s={search_term_string}"},"query-input":"required name=search_term_string"}],"inLanguage":"en-US"},{"@type":"Organization","@id":"https:\/\/www.dapper-store.com\/en\/#organization","name":"Dapper d.o.o.","url":"https:\/\/www.dapper-store.com\/en\/","logo":{"@type":"ImageObject","inLanguage":"en-US","@id":"https:\/\/www.dapper-store.com\/en\/#\/schema\/logo\/image\/","url":"https:\/\/www.dapper-store.com\/wp-content\/uploads\/2022\/11\/DAPPER..png","contentUrl":"https:\/\/www.dapper-store.com\/wp-content\/uploads\/2022\/11\/DAPPER..png","width":1500,"height":450,"caption":"Dapper d.o.o."},"image":{"@id":"https:\/\/www.dapper-store.com\/en\/#\/schema\/logo\/image\/"},"sameAs":["https:\/\/www.facebook.com\/dapperattitude","https:\/\/www.instagram.com\/dapper_ljubljana\/"]}]}},"_links":{"self":[{"href":"https:\/\/www.dapper-store.com\/en\/wp-json\/wp\/v2\/product\/3082","targetHints":{"allow":["GET"]}}],"collection":[{"href":"https:\/\/www.dapper-store.com\/en\/wp-json\/wp\/v2\/product"}],"about":[{"href":"https:\/\/www.dapper-store.com\/en\/wp-json\/wp\/v2\/types\/product"}],"replies":[{"embeddable":true,"href":"https:\/\/www.dapper-store.com\/en\/wp-json\/wp\/v2\/comments?post=3082"}],"wp:featuredmedia":[{"embeddable":true,"href":"https:\/\/www.dapper-store.com\/en\/wp-json\/wp\/v2\/media\/2631"}],"wp:attachment":[{"href":"https:\/\/www.dapper-store.com\/en\/wp-json\/wp\/v2\/media?parent=3082"}],"wp:term":[{"taxonomy":"product_cat","embeddable":true,"href":"https:\/\/www.dapper-store.com\/en\/wp-json\/wp\/v2\/product_cat?post=3082"},{"taxonomy":"product_tag","embeddable":true,"href":"https:\/\/www.dapper-store.com\/en\/wp-json\/wp\/v2\/product_tag?post=3082"}],"curies":[{"name":"wp","href":"https:\/\/api.w.org\/{rel}","templated":true}]}}